{"id":296610,"date":"2026-01-15T16:48:16","date_gmt":"2026-01-15T13:48:16","guid":{"rendered":"https:\/\/baldumarket.lt\/product\/lozko-pietrowe-dwuosobowe-z-materacami-osuna-bialy-zielony-adrk\/"},"modified":"2026-02-11T18:14:00","modified_gmt":"2026-02-11T15:14:00","slug":"lozko-pietrowe-dwuosobowe-z-materacami-osuna-bialy-zielony-adrk","status":"publish","type":"product","link":"https:\/\/baldumarket.lt\/lt\/product\/lozko-pietrowe-dwuosobowe-z-materacami-osuna-bialy-zielony-adrk\/","title":{"rendered":"Dvigul\u0117 dviauk\u0161t\u0117 lova su OSUNA \u010diu\u017einiais, balta\/\u017ealia, ADRK"},"content":{"rendered":"<p>Dviauk\u0161t\u0117 lova \u201eOSUNA\u201c \u2013 puikus b\u016bdas sutaupyti vietos ma\u017eame vaik\u0173 kambaryje. Joje yra kop\u0117t\u0117l\u0117s ir du erdv\u016bs bei funkcional\u016bs patalyn\u0117s stal\u010diai. Be to, dviejuose lygiuose yra apsauginiai tur\u0117klai, u\u017etikrinantys papildom\u0105 saugum\u0105. Lova tiekiama su put\u0173 poliuretano \u010diu\u017eini\u0173 komplektu su u\u017etrauktukais u\u017esegamais medvilniniais u\u017evalkalais.<\/p>","protected":false},"excerpt":{"rendered":"<p>Plotis (cm): 81<br \/>\n\u016agis (cm): 160<br \/>\nGylis (cm): 188<br \/>\nAsambl\u0117ja<br \/>\nSavaranki\u0161kas surinkimas<br \/>\nProdukto svoris [kg]: 64<br \/>\n\u010ciu\u017einio dydis<br \/>\n75&#215;180<\/p>","protected":false},"featured_media":296611,"comment_status":"open","ping_status":"open","template":"","meta":[],"product_brand":[],"product_cat":[9201,505],"product_tag":[],"class_list":{"0":"post-296610","1":"product","2":"type-product","3":"status-publish","4":"has-post-thumbnail","6":"product_cat-adrk-furniture","7":"product_cat-bedroom-beds","9":"first","10":"instock","11":"purchasable","12":"product-type-simple"},"_links":{"self":[{"href":"https:\/\/baldumarket.lt\/lt\/wp-json\/wp\/v2\/product\/296610","targetHints":{"allow":["GET"]}}],"collection":[{"href":"https:\/\/baldumarket.lt\/lt\/wp-json\/wp\/v2\/product"}],"about":[{"href":"https:\/\/baldumarket.lt\/lt\/wp-json\/wp\/v2\/types\/product"}],"replies":[{"embeddable":true,"href":"https:\/\/baldumarket.lt\/lt\/wp-json\/wp\/v2\/comments?post=296610"}],"wp:featuredmedia":[{"embeddable":true,"href":"https:\/\/baldumarket.lt\/lt\/wp-json\/wp\/v2\/media\/296611"}],"wp:attachment":[{"href":"https:\/\/baldumarket.lt\/lt\/wp-json\/wp\/v2\/media?parent=296610"}],"wp:term":[{"taxonomy":"product_brand","embeddable":true,"href":"https:\/\/baldumarket.lt\/lt\/wp-json\/wp\/v2\/product_brand?post=296610"},{"taxonomy":"product_cat","embeddable":true,"href":"https:\/\/baldumarket.lt\/lt\/wp-json\/wp\/v2\/product_cat?post=296610"},{"taxonomy":"product_tag","embeddable":true,"href":"https:\/\/baldumarket.lt\/lt\/wp-json\/wp\/v2\/product_tag?post=296610"}],"curies":[{"name":"wp","href":"https:\/\/api.w.org\/{rel}","templated":true}]}}