{"id":296540,"date":"2026-01-15T16:47:24","date_gmt":"2026-01-15T13:47:24","guid":{"rendered":"https:\/\/baldumarket.lt\/product\/lozko-podwojne-z-materacami-fraga-bialy-adrk\/"},"modified":"2026-02-11T18:14:04","modified_gmt":"2026-02-11T15:14:04","slug":"lozko-podwojne-z-materacami-fraga-bialy-adrk","status":"publish","type":"product","link":"https:\/\/baldumarket.lt\/lt\/product\/lozko-podwojne-z-materacami-fraga-bialy-adrk\/","title":{"rendered":"Dvigul\u0117 lova su FRAGA \u010diu\u017einiais, balta, ADRK"},"content":{"rendered":"<p>Dvigul\u0117 lova FRAGA \u2013 puikus sprendimas kambariui, kuriame gyvena du broliai ir seserys. Ji taip pat puikiai tinka netik\u0117tiems sve\u010diams. Lova turi du prakti\u0161kus ir funkcionalius stal\u010dius patalynei bei patvar\u0173, tvirt\u0105 r\u0117m\u0105. Prie lovos pridedamas put\u0173 poliuretano \u010diu\u017eini\u0173 komplektas su u\u017etrauktukais u\u017esegamais medvilniniais u\u017evalkalais.<\/p>","protected":false},"excerpt":{"rendered":"<p>Plotis (cm): 96<br \/>\n\u016agis (cm): 65<br \/>\nGylis (cm): 206<br \/>\nAsambl\u0117ja<br \/>\nSavaranki\u0161kas surinkimas<br \/>\nProdukto svoris [kg]: 50<\/p>","protected":false},"featured_media":296541,"comment_status":"open","ping_status":"open","template":"","meta":[],"product_brand":[],"product_cat":[9201,505],"product_tag":[],"class_list":{"0":"post-296540","1":"product","2":"type-product","3":"status-publish","4":"has-post-thumbnail","6":"product_cat-adrk-furniture","7":"product_cat-bedroom-beds","9":"first","10":"instock","11":"purchasable","12":"product-type-simple"},"_links":{"self":[{"href":"https:\/\/baldumarket.lt\/lt\/wp-json\/wp\/v2\/product\/296540","targetHints":{"allow":["GET"]}}],"collection":[{"href":"https:\/\/baldumarket.lt\/lt\/wp-json\/wp\/v2\/product"}],"about":[{"href":"https:\/\/baldumarket.lt\/lt\/wp-json\/wp\/v2\/types\/product"}],"replies":[{"embeddable":true,"href":"https:\/\/baldumarket.lt\/lt\/wp-json\/wp\/v2\/comments?post=296540"}],"wp:featuredmedia":[{"embeddable":true,"href":"https:\/\/baldumarket.lt\/lt\/wp-json\/wp\/v2\/media\/296541"}],"wp:attachment":[{"href":"https:\/\/baldumarket.lt\/lt\/wp-json\/wp\/v2\/media?parent=296540"}],"wp:term":[{"taxonomy":"product_brand","embeddable":true,"href":"https:\/\/baldumarket.lt\/lt\/wp-json\/wp\/v2\/product_brand?post=296540"},{"taxonomy":"product_cat","embeddable":true,"href":"https:\/\/baldumarket.lt\/lt\/wp-json\/wp\/v2\/product_cat?post=296540"},{"taxonomy":"product_tag","embeddable":true,"href":"https:\/\/baldumarket.lt\/lt\/wp-json\/wp\/v2\/product_tag?post=296540"}],"curies":[{"name":"wp","href":"https:\/\/api.w.org\/{rel}","templated":true}]}}