{"id":296500,"date":"2026-01-15T16:46:51","date_gmt":"2026-01-15T13:46:51","guid":{"rendered":"https:\/\/baldumarket.lt\/product\/lozko-pietrowe-trzyosobowe-z-materacami-soria-sosna-szary-adrk\/"},"modified":"2026-02-11T18:14:05","modified_gmt":"2026-02-11T15:14:05","slug":"lozko-pietrowe-trzyosobowe-z-materacami-soria-sosna-szary-adrk","status":"publish","type":"product","link":"https:\/\/baldumarket.lt\/lt\/product\/lozko-pietrowe-trzyosobowe-z-materacami-soria-sosna-szary-adrk\/","title":{"rendered":"Triviet\u0117 dviauk\u0161t\u0117 lova su SORIA pu\u0161ies\/pilkos spalvos ADRK \u010diu\u017einiais"},"content":{"rendered":"<p>Triviet\u0117 dviauk\u0161t\u0117 lova SORIA \u2013 puikus b\u016bdas sutaupyti vietos ma\u017eame vaik\u0173 kambaryje. Joje yra stabilios kop\u0117\u010dios ir apsauginiai tur\u0117klai beveik kiekvienoje lovos pus\u0117je, u\u017etikrinantys visi\u0161k\u0105 vaiko saugum\u0105 miegant. Be to, apa\u010dioje yra du erdv\u016bs ir funkcional\u016bs stal\u010diai patalynei. Lova tiekiama su trij\u0173 porolono \u010diu\u017eini\u0173 su u\u017etrauktukais u\u017esegamais medvilniniais u\u017evalkalais komplektu.<\/p>","protected":false},"excerpt":{"rendered":"<p>Plotis (cm): 81<br \/>\n\u016agis (cm): 160<br \/>\nGylis (cm): 188<br \/>\nAsambl\u0117ja<br \/>\nSavaranki\u0161kas surinkimas<br \/>\nProdukto svoris [kg]: 80<br \/>\n\u010ciu\u017einio dydis<br \/>\n75&#215;180<\/p>","protected":false},"featured_media":296501,"comment_status":"open","ping_status":"open","template":"","meta":[],"product_brand":[],"product_cat":[9201,505],"product_tag":[],"class_list":{"0":"post-296500","1":"product","2":"type-product","3":"status-publish","4":"has-post-thumbnail","6":"product_cat-adrk-furniture","7":"product_cat-bedroom-beds","9":"first","10":"instock","11":"purchasable","12":"product-type-simple"},"_links":{"self":[{"href":"https:\/\/baldumarket.lt\/lt\/wp-json\/wp\/v2\/product\/296500","targetHints":{"allow":["GET"]}}],"collection":[{"href":"https:\/\/baldumarket.lt\/lt\/wp-json\/wp\/v2\/product"}],"about":[{"href":"https:\/\/baldumarket.lt\/lt\/wp-json\/wp\/v2\/types\/product"}],"replies":[{"embeddable":true,"href":"https:\/\/baldumarket.lt\/lt\/wp-json\/wp\/v2\/comments?post=296500"}],"wp:featuredmedia":[{"embeddable":true,"href":"https:\/\/baldumarket.lt\/lt\/wp-json\/wp\/v2\/media\/296501"}],"wp:attachment":[{"href":"https:\/\/baldumarket.lt\/lt\/wp-json\/wp\/v2\/media?parent=296500"}],"wp:term":[{"taxonomy":"product_brand","embeddable":true,"href":"https:\/\/baldumarket.lt\/lt\/wp-json\/wp\/v2\/product_brand?post=296500"},{"taxonomy":"product_cat","embeddable":true,"href":"https:\/\/baldumarket.lt\/lt\/wp-json\/wp\/v2\/product_cat?post=296500"},{"taxonomy":"product_tag","embeddable":true,"href":"https:\/\/baldumarket.lt\/lt\/wp-json\/wp\/v2\/product_tag?post=296500"}],"curies":[{"name":"wp","href":"https:\/\/api.w.org\/{rel}","templated":true}]}}