{"id":296391,"date":"2026-01-15T16:45:29","date_gmt":"2026-01-15T13:45:29","guid":{"rendered":"https:\/\/baldumarket.lt\/product\/lozko-z-materacem-batcar-140x70-niebieski-adrk\/"},"modified":"2026-02-11T18:14:08","modified_gmt":"2026-02-11T15:14:08","slug":"lozko-z-materacem-batcar-140x70-niebieski-adrk","status":"publish","type":"product","link":"https:\/\/baldumarket.lt\/lt\/product\/lozko-z-materacem-batcar-140x70-niebieski-adrk\/","title":{"rendered":"BATCAR lova su \u010diu\u017einiu 140\u00d770 m\u0117lyna ADRK"},"content":{"rendered":"<p>Viengul\u0117 lova BATCAR \u2013 puikus pasirinkimas ma\u017eiesiems automobili\u0173 ir kit\u0173 transporto priemoni\u0173 entuziastams. Galima \u012fsigyti LED ap\u0161vietim\u0105, kuris tikrai pagyvins interjer\u0105 ir sukurs unikali\u0105 atmosfer\u0105 j\u016bs\u0173 vaiko kambaryje. Gamybos procese naudojami ekologi\u0161ki, vandens pagrindo da\u017eai, tod\u0117l jie yra saug\u016bs ir atspar\u016bs mechaniniams pa\u017eeidimams. Be to, lova NETURI a\u0161tri\u0173 kamp\u0173, o grafika apsaugota laminatu.<\/p>","protected":false},"excerpt":{"rendered":"<p>Plotis (cm): 74<br \/>\n\u016agis (cm): 48<br \/>\nGylis (cm): 153<br \/>\nAsambl\u0117ja<br \/>\nSavaranki\u0161kas surinkimas<br \/>\nProdukto svoris [kg]: 30<br \/>\n\u010ciu\u017einio dydis<br \/>\n70&#215;140<\/p>","protected":false},"featured_media":296392,"comment_status":"open","ping_status":"open","template":"","meta":[],"product_brand":[],"product_cat":[9201,505],"product_tag":[],"class_list":{"0":"post-296391","1":"product","2":"type-product","3":"status-publish","4":"has-post-thumbnail","6":"product_cat-adrk-furniture","7":"product_cat-bedroom-beds","9":"first","10":"instock","11":"purchasable","12":"product-type-simple"},"_links":{"self":[{"href":"https:\/\/baldumarket.lt\/lt\/wp-json\/wp\/v2\/product\/296391","targetHints":{"allow":["GET"]}}],"collection":[{"href":"https:\/\/baldumarket.lt\/lt\/wp-json\/wp\/v2\/product"}],"about":[{"href":"https:\/\/baldumarket.lt\/lt\/wp-json\/wp\/v2\/types\/product"}],"replies":[{"embeddable":true,"href":"https:\/\/baldumarket.lt\/lt\/wp-json\/wp\/v2\/comments?post=296391"}],"wp:featuredmedia":[{"embeddable":true,"href":"https:\/\/baldumarket.lt\/lt\/wp-json\/wp\/v2\/media\/296392"}],"wp:attachment":[{"href":"https:\/\/baldumarket.lt\/lt\/wp-json\/wp\/v2\/media?parent=296391"}],"wp:term":[{"taxonomy":"product_brand","embeddable":true,"href":"https:\/\/baldumarket.lt\/lt\/wp-json\/wp\/v2\/product_brand?post=296391"},{"taxonomy":"product_cat","embeddable":true,"href":"https:\/\/baldumarket.lt\/lt\/wp-json\/wp\/v2\/product_cat?post=296391"},{"taxonomy":"product_tag","embeddable":true,"href":"https:\/\/baldumarket.lt\/lt\/wp-json\/wp\/v2\/product_tag?post=296391"}],"curies":[{"name":"wp","href":"https:\/\/api.w.org\/{rel}","templated":true}]}}