{"id":296301,"date":"2026-01-15T16:44:17","date_gmt":"2026-01-15T13:44:17","guid":{"rendered":"https:\/\/baldumarket.lt\/product\/lozko-z-materacem-fire-truck-140x70-adrk\/"},"modified":"2026-02-11T18:14:11","modified_gmt":"2026-02-11T15:14:11","slug":"lozko-z-materacem-fire-truck-140x70-adrk","status":"publish","type":"product","link":"https:\/\/baldumarket.lt\/lt\/product\/lozko-z-materacem-fire-truck-140x70-adrk\/","title":{"rendered":"GAISRINIS AUTOMOBILIS 140\u00d770 ADRK \u010diu\u017einys-lova"},"content":{"rendered":"<p>Viengul\u0117 lova FIRE TRUCK puikiai tinka ma\u017eiesiems automobili\u0173 entuziastams. \u012edomus dizainas leis j\u016bs\u0173 vaikui pasijusti tikru ugniagesiu. Gamybos procese naudojami ekologi\u0161ki, vandens pagrindo da\u017eai, tod\u0117l jie yra saug\u016bs ir atspar\u016bs mechaniniams pa\u017eeidimams. Be to, lova NETURI a\u0161tri\u0173 kamp\u0173, o grafika apsaugota laminatu.<\/p>","protected":false},"excerpt":{"rendered":"<p>Plotis (cm): 74<br \/>\n\u016agis (cm): 50<br \/>\nGylis (cm): 153<br \/>\nAsambl\u0117ja<br \/>\nSavaranki\u0161kas surinkimas<br \/>\nProdukto svoris [kg]: 30<br \/>\n\u010ciu\u017einio dydis<br \/>\n70&#215;140<\/p>","protected":false},"featured_media":296302,"comment_status":"open","ping_status":"open","template":"","meta":[],"product_brand":[],"product_cat":[9201,505],"product_tag":[],"class_list":{"0":"post-296301","1":"product","2":"type-product","3":"status-publish","4":"has-post-thumbnail","6":"product_cat-adrk-furniture","7":"product_cat-bedroom-beds","9":"first","10":"instock","11":"purchasable","12":"product-type-simple"},"_links":{"self":[{"href":"https:\/\/baldumarket.lt\/lt\/wp-json\/wp\/v2\/product\/296301","targetHints":{"allow":["GET"]}}],"collection":[{"href":"https:\/\/baldumarket.lt\/lt\/wp-json\/wp\/v2\/product"}],"about":[{"href":"https:\/\/baldumarket.lt\/lt\/wp-json\/wp\/v2\/types\/product"}],"replies":[{"embeddable":true,"href":"https:\/\/baldumarket.lt\/lt\/wp-json\/wp\/v2\/comments?post=296301"}],"wp:featuredmedia":[{"embeddable":true,"href":"https:\/\/baldumarket.lt\/lt\/wp-json\/wp\/v2\/media\/296302"}],"wp:attachment":[{"href":"https:\/\/baldumarket.lt\/lt\/wp-json\/wp\/v2\/media?parent=296301"}],"wp:term":[{"taxonomy":"product_brand","embeddable":true,"href":"https:\/\/baldumarket.lt\/lt\/wp-json\/wp\/v2\/product_brand?post=296301"},{"taxonomy":"product_cat","embeddable":true,"href":"https:\/\/baldumarket.lt\/lt\/wp-json\/wp\/v2\/product_cat?post=296301"},{"taxonomy":"product_tag","embeddable":true,"href":"https:\/\/baldumarket.lt\/lt\/wp-json\/wp\/v2\/product_tag?post=296301"}],"curies":[{"name":"wp","href":"https:\/\/api.w.org\/{rel}","templated":true}]}}