{"id":296291,"date":"2026-01-15T16:44:09","date_gmt":"2026-01-15T13:44:09","guid":{"rendered":"https:\/\/baldumarket.lt\/product\/lozko-z-materacem-kareta-140x70-adrk\/"},"modified":"2026-02-11T18:14:11","modified_gmt":"2026-02-11T15:14:11","slug":"lozko-z-materacem-kareta-140x70-adrk","status":"publish","type":"product","link":"https:\/\/baldumarket.lt\/lt\/product\/lozko-z-materacem-kareta-140x70-adrk\/","title":{"rendered":"Lova su \u010diu\u017einiu KARETA 140\u00d770 ADRK"},"content":{"rendered":"<p>\u0160i viengul\u0117 lova i\u0161 KARETA kolekcijos \u2013 puikus pasirinkimas ma\u017eajai princesei. Gamybos procese naudojami ekologi\u0161ki, vandens pagrindo da\u017eai, tod\u0117l jie yra saug\u016bs ir atspar\u016bs mechaniniams pa\u017eeidimams. Be to, lova NETURI a\u0161tri\u0173 kamp\u0173, o grafika apsaugota laminatu.<\/p>","protected":false},"excerpt":{"rendered":"<p>Plotis (cm): 74<br \/>\n\u016agis (cm): 44<br \/>\nGylis (cm): 153<br \/>\nAsambl\u0117ja<br \/>\nSavaranki\u0161kas surinkimas<br \/>\nProdukto svoris [kg]: 30<br \/>\n\u010ciu\u017einio dydis<br \/>\n70&#215;140<\/p>","protected":false},"featured_media":296292,"comment_status":"open","ping_status":"open","template":"","meta":[],"product_brand":[],"product_cat":[9201,505],"product_tag":[],"class_list":{"0":"post-296291","1":"product","2":"type-product","3":"status-publish","4":"has-post-thumbnail","6":"product_cat-adrk-furniture","7":"product_cat-bedroom-beds","9":"first","10":"instock","11":"purchasable","12":"product-type-simple"},"_links":{"self":[{"href":"https:\/\/baldumarket.lt\/lt\/wp-json\/wp\/v2\/product\/296291","targetHints":{"allow":["GET"]}}],"collection":[{"href":"https:\/\/baldumarket.lt\/lt\/wp-json\/wp\/v2\/product"}],"about":[{"href":"https:\/\/baldumarket.lt\/lt\/wp-json\/wp\/v2\/types\/product"}],"replies":[{"embeddable":true,"href":"https:\/\/baldumarket.lt\/lt\/wp-json\/wp\/v2\/comments?post=296291"}],"wp:featuredmedia":[{"embeddable":true,"href":"https:\/\/baldumarket.lt\/lt\/wp-json\/wp\/v2\/media\/296292"}],"wp:attachment":[{"href":"https:\/\/baldumarket.lt\/lt\/wp-json\/wp\/v2\/media?parent=296291"}],"wp:term":[{"taxonomy":"product_brand","embeddable":true,"href":"https:\/\/baldumarket.lt\/lt\/wp-json\/wp\/v2\/product_brand?post=296291"},{"taxonomy":"product_cat","embeddable":true,"href":"https:\/\/baldumarket.lt\/lt\/wp-json\/wp\/v2\/product_cat?post=296291"},{"taxonomy":"product_tag","embeddable":true,"href":"https:\/\/baldumarket.lt\/lt\/wp-json\/wp\/v2\/product_tag?post=296291"}],"curies":[{"name":"wp","href":"https:\/\/api.w.org\/{rel}","templated":true}]}}