{"id":296236,"date":"2026-01-15T16:43:29","date_gmt":"2026-01-15T13:43:29","guid":{"rendered":"https:\/\/baldumarket.lt\/product\/lozko-z-materacem-car-pink-160x80-sosna-adrk\/"},"modified":"2026-02-11T18:14:12","modified_gmt":"2026-02-11T15:14:12","slug":"lozko-z-materacem-car-pink-160x80-sosna-adrk","status":"publish","type":"product","link":"https:\/\/baldumarket.lt\/lt\/product\/lozko-z-materacem-car-pink-160x80-sosna-adrk\/","title":{"rendered":"Lova su \u010diu\u017einiu CAR PINK 160\u00d780 Pu\u0161is ADRK"},"content":{"rendered":"<p>Viengul\u0117 lova CAR Pink skirta ma\u017eiesiems automobili\u0173 entuziastams ir automobili\u0173 entuziastams. Ji puikiai tinka mergait\u0117s kambariui. Galima \u012fsigyti papildom\u0105 LED ap\u0161vietim\u0105, kuris tikrai pagyvins interjer\u0105 ir sukurs unikali\u0105 atmosfer\u0105 j\u016bs\u0173 vaiko kambaryje. Gamybos procese naudojami ekologi\u0161ki, vandens pagrindo da\u017eai, tod\u0117l jie yra saug\u016bs ir atspar\u016bs mechaniniams pa\u017eeidimams. Be to, lova NETURI a\u0161tri\u0173 kamp\u0173, o grafika apsaugota laminatu.<\/p>","protected":false},"excerpt":{"rendered":"<p>Plotis (cm): 84<br \/>\n\u016agis (cm): 49<br \/>\nGylis (cm): 167<br \/>\nAsambl\u0117ja<br \/>\nSavaranki\u0161kas surinkimas<br \/>\nProdukto svoris [kg]: 30<br \/>\n\u010ciu\u017einio dydis<br \/>\n80&#215;160<\/p>","protected":false},"featured_media":296237,"comment_status":"open","ping_status":"open","template":"","meta":[],"product_brand":[],"product_cat":[9201,505],"product_tag":[],"class_list":{"0":"post-296236","1":"product","2":"type-product","3":"status-publish","4":"has-post-thumbnail","6":"product_cat-adrk-furniture","7":"product_cat-bedroom-beds","9":"first","10":"instock","11":"purchasable","12":"product-type-simple"},"_links":{"self":[{"href":"https:\/\/baldumarket.lt\/lt\/wp-json\/wp\/v2\/product\/296236","targetHints":{"allow":["GET"]}}],"collection":[{"href":"https:\/\/baldumarket.lt\/lt\/wp-json\/wp\/v2\/product"}],"about":[{"href":"https:\/\/baldumarket.lt\/lt\/wp-json\/wp\/v2\/types\/product"}],"replies":[{"embeddable":true,"href":"https:\/\/baldumarket.lt\/lt\/wp-json\/wp\/v2\/comments?post=296236"}],"wp:featuredmedia":[{"embeddable":true,"href":"https:\/\/baldumarket.lt\/lt\/wp-json\/wp\/v2\/media\/296237"}],"wp:attachment":[{"href":"https:\/\/baldumarket.lt\/lt\/wp-json\/wp\/v2\/media?parent=296236"}],"wp:term":[{"taxonomy":"product_brand","embeddable":true,"href":"https:\/\/baldumarket.lt\/lt\/wp-json\/wp\/v2\/product_brand?post=296236"},{"taxonomy":"product_cat","embeddable":true,"href":"https:\/\/baldumarket.lt\/lt\/wp-json\/wp\/v2\/product_cat?post=296236"},{"taxonomy":"product_tag","embeddable":true,"href":"https:\/\/baldumarket.lt\/lt\/wp-json\/wp\/v2\/product_tag?post=296236"}],"curies":[{"name":"wp","href":"https:\/\/api.w.org\/{rel}","templated":true}]}}