{"id":296166,"date":"2026-01-15T16:42:33","date_gmt":"2026-01-15T13:42:33","guid":{"rendered":"https:\/\/baldumarket.lt\/product\/lozko-podwojne-z-materacami-emka-ii-gray-160x80-bialy-szary-adrk\/"},"modified":"2026-02-11T18:14:14","modified_gmt":"2026-02-11T15:14:14","slug":"lozko-podwojne-z-materacami-emka-ii-gray-160x80-bialy-szary-adrk","status":"publish","type":"product","link":"https:\/\/baldumarket.lt\/lt\/product\/lozko-podwojne-z-materacami-emka-ii-gray-160x80-bialy-szary-adrk\/","title":{"rendered":"Dvigul\u0117 lova su \u010diu\u017einiais EMKA II pilka 160\u00d780 balta\/pilka ADRK"},"content":{"rendered":"<p>\u0160i paprastos formos dvigul\u0117 lova i\u0161 EMKA II kolekcijos turi stal\u010di\u0173 ir miegojimo funkcij\u0105, tod\u0117l puikiai tinka kambariui dviem broliams ir seserims. Tai taip pat idealus sprendimas netik\u0117tiems sve\u010diams.<\/p>","protected":false},"excerpt":{"rendered":"<p>Plotis (cm): 85<br \/>\n\u016agis (cm): 70<br \/>\nGylis (cm): 164<br \/>\nAsambl\u0117ja<br \/>\nSavaranki\u0161kas surinkimas<br \/>\nProdukto svoris [kg]: 54<\/p>","protected":false},"featured_media":296167,"comment_status":"open","ping_status":"open","template":"","meta":[],"product_brand":[],"product_cat":[9201,505],"product_tag":[],"class_list":{"0":"post-296166","1":"product","2":"type-product","3":"status-publish","4":"has-post-thumbnail","6":"product_cat-adrk-furniture","7":"product_cat-bedroom-beds","9":"first","10":"instock","11":"purchasable","12":"product-type-simple"},"_links":{"self":[{"href":"https:\/\/baldumarket.lt\/lt\/wp-json\/wp\/v2\/product\/296166","targetHints":{"allow":["GET"]}}],"collection":[{"href":"https:\/\/baldumarket.lt\/lt\/wp-json\/wp\/v2\/product"}],"about":[{"href":"https:\/\/baldumarket.lt\/lt\/wp-json\/wp\/v2\/types\/product"}],"replies":[{"embeddable":true,"href":"https:\/\/baldumarket.lt\/lt\/wp-json\/wp\/v2\/comments?post=296166"}],"wp:featuredmedia":[{"embeddable":true,"href":"https:\/\/baldumarket.lt\/lt\/wp-json\/wp\/v2\/media\/296167"}],"wp:attachment":[{"href":"https:\/\/baldumarket.lt\/lt\/wp-json\/wp\/v2\/media?parent=296166"}],"wp:term":[{"taxonomy":"product_brand","embeddable":true,"href":"https:\/\/baldumarket.lt\/lt\/wp-json\/wp\/v2\/product_brand?post=296166"},{"taxonomy":"product_cat","embeddable":true,"href":"https:\/\/baldumarket.lt\/lt\/wp-json\/wp\/v2\/product_cat?post=296166"},{"taxonomy":"product_tag","embeddable":true,"href":"https:\/\/baldumarket.lt\/lt\/wp-json\/wp\/v2\/product_tag?post=296166"}],"curies":[{"name":"wp","href":"https:\/\/api.w.org\/{rel}","templated":true}]}}