{"id":296041,"date":"2026-01-15T16:40:50","date_gmt":"2026-01-15T13:40:50","guid":{"rendered":"https:\/\/baldumarket.lt\/product\/lozko-z-materacem-naomi-160x80-bialy-adrk\/"},"modified":"2026-02-11T18:14:18","modified_gmt":"2026-02-11T15:14:18","slug":"lozko-z-materacem-naomi-160x80-bialy-adrk","status":"publish","type":"product","link":"https:\/\/baldumarket.lt\/lt\/product\/lozko-z-materacem-naomi-160x80-bialy-adrk\/","title":{"rendered":"Lova su \u010diu\u017einiu NAOMI 160\u00d780 balta ADRK"},"content":{"rendered":"<p>\u0160i viengul\u0117 lova i\u0161 NAOMI kolekcijos, pasi\u017eyminti paprastomis formomis ir matine balta apdaila, puikiai tiks paauglio ar vaiko kambaryje. Komplekte yra erdvus ir funkcionalus stal\u010dius ant ratuk\u0173 bei patogus putplas\u010dio \u010diu\u017einys su nuimamu u\u017evalkalu. Be to, jei jums reikia papildomos miegojimo vietos, rekomenduojame per\u017ei\u016br\u0117ti NAOMI II model\u012f, kuriame yra stal\u010dius su miegojimo funkcija.<\/p>","protected":false},"excerpt":{"rendered":"<p>Plotis (cm): 85<br \/>\n\u016agis (cm): 60<br \/>\nGylis (cm): 164<br \/>\nAsambl\u0117ja<br \/>\nSavaranki\u0161kas surinkimas<br \/>\nProdukto svoris [kg]: 48<br \/>\n\u010ciu\u017einio dydis<br \/>\n80&#215;160<\/p>","protected":false},"featured_media":296042,"comment_status":"open","ping_status":"open","template":"","meta":[],"product_brand":[],"product_cat":[9201,505],"product_tag":[],"class_list":{"0":"post-296041","1":"product","2":"type-product","3":"status-publish","4":"has-post-thumbnail","6":"product_cat-adrk-furniture","7":"product_cat-bedroom-beds","9":"first","10":"instock","11":"purchasable","12":"product-type-simple"},"_links":{"self":[{"href":"https:\/\/baldumarket.lt\/lt\/wp-json\/wp\/v2\/product\/296041","targetHints":{"allow":["GET"]}}],"collection":[{"href":"https:\/\/baldumarket.lt\/lt\/wp-json\/wp\/v2\/product"}],"about":[{"href":"https:\/\/baldumarket.lt\/lt\/wp-json\/wp\/v2\/types\/product"}],"replies":[{"embeddable":true,"href":"https:\/\/baldumarket.lt\/lt\/wp-json\/wp\/v2\/comments?post=296041"}],"wp:featuredmedia":[{"embeddable":true,"href":"https:\/\/baldumarket.lt\/lt\/wp-json\/wp\/v2\/media\/296042"}],"wp:attachment":[{"href":"https:\/\/baldumarket.lt\/lt\/wp-json\/wp\/v2\/media?parent=296041"}],"wp:term":[{"taxonomy":"product_brand","embeddable":true,"href":"https:\/\/baldumarket.lt\/lt\/wp-json\/wp\/v2\/product_brand?post=296041"},{"taxonomy":"product_cat","embeddable":true,"href":"https:\/\/baldumarket.lt\/lt\/wp-json\/wp\/v2\/product_cat?post=296041"},{"taxonomy":"product_tag","embeddable":true,"href":"https:\/\/baldumarket.lt\/lt\/wp-json\/wp\/v2\/product_tag?post=296041"}],"curies":[{"name":"wp","href":"https:\/\/api.w.org\/{rel}","templated":true}]}}