{"id":295926,"date":"2026-01-15T16:39:20","date_gmt":"2026-01-15T13:39:20","guid":{"rendered":"https:\/\/baldumarket.lt\/product\/lozko-z-materacem-i-szuflada-casimo-cat-160x80-bialy-adrk\/"},"modified":"2026-02-11T18:14:21","modified_gmt":"2026-02-11T15:14:21","slug":"lozko-z-materacem-i-szuflada-casimo-cat-160x80-bialy-adrk","status":"publish","type":"product","link":"https:\/\/baldumarket.lt\/lt\/product\/lozko-z-materacem-i-szuflada-casimo-cat-160x80-bialy-adrk\/","title":{"rendered":"Lova su \u010diu\u017einiu ir stal\u010diumi CASIMO CAT 160\u00d780 balta ADRK"},"content":{"rendered":"<p>\u0160i viengul\u0117 lova i\u0161 CASIMO kolekcijos, pasi\u017eyminti paprastu, matin\u0117s baltos spalvos dizainu, puikiai der\u0117s prie bet kurio vaiko kambario. D\u0117l plataus grafikos pasirinkimo lengvai rasite model\u012f, kuris geriausiai atitiks j\u016bs\u0173 vaiko pom\u0117gius. Gamybos procese naudojami ekologi\u0161ki vandens pagrindo da\u017eai, tod\u0117l jie yra saug\u016bs ir atspar\u016bs mechaniniams pa\u017eeidimams. Be to, lova neturi a\u0161tri\u0173 kamp\u0173, o grafika yra apsaugota laminatu. Papildomas privalumas \u2013 erdvus stal\u010dius patalynei ir u\u017etrauktuku u\u017esegamas \u010diu\u017einio u\u017evalkalas, kur\u012f lengva nuimti ir i\u0161skalbti. Lov\u0105 galima papildyti apsauginiu tur\u0117klu, kad b\u016bt\u0173 u\u017etikrintas didesnis saugumas miegant. Be to, jei jums reikia papildomos miegojimo vietos, rekomenduojame per\u017ei\u016br\u0117ti CASIMO II model\u012f, kuriame yra stal\u010dius su miegojimo funkcija.<\/p>","protected":false},"excerpt":{"rendered":"<p>Plotis (cm): 88<br \/>\n\u016agis (cm): 63<br \/>\nGylis (cm): 164<br \/>\nAsambl\u0117ja<br \/>\nSavaranki\u0161kas surinkimas<br \/>\nProdukto svoris [kg]: 44<br \/>\n\u010ciu\u017einio dydis<br \/>\n80&#215;160<\/p>","protected":false},"featured_media":295927,"comment_status":"open","ping_status":"open","template":"","meta":[],"product_brand":[],"product_cat":[9201,505],"product_tag":[],"class_list":{"0":"post-295926","1":"product","2":"type-product","3":"status-publish","4":"has-post-thumbnail","6":"product_cat-adrk-furniture","7":"product_cat-bedroom-beds","9":"first","10":"instock","11":"purchasable","12":"product-type-simple"},"_links":{"self":[{"href":"https:\/\/baldumarket.lt\/lt\/wp-json\/wp\/v2\/product\/295926","targetHints":{"allow":["GET"]}}],"collection":[{"href":"https:\/\/baldumarket.lt\/lt\/wp-json\/wp\/v2\/product"}],"about":[{"href":"https:\/\/baldumarket.lt\/lt\/wp-json\/wp\/v2\/types\/product"}],"replies":[{"embeddable":true,"href":"https:\/\/baldumarket.lt\/lt\/wp-json\/wp\/v2\/comments?post=295926"}],"wp:featuredmedia":[{"embeddable":true,"href":"https:\/\/baldumarket.lt\/lt\/wp-json\/wp\/v2\/media\/295927"}],"wp:attachment":[{"href":"https:\/\/baldumarket.lt\/lt\/wp-json\/wp\/v2\/media?parent=295926"}],"wp:term":[{"taxonomy":"product_brand","embeddable":true,"href":"https:\/\/baldumarket.lt\/lt\/wp-json\/wp\/v2\/product_brand?post=295926"},{"taxonomy":"product_cat","embeddable":true,"href":"https:\/\/baldumarket.lt\/lt\/wp-json\/wp\/v2\/product_cat?post=295926"},{"taxonomy":"product_tag","embeddable":true,"href":"https:\/\/baldumarket.lt\/lt\/wp-json\/wp\/v2\/product_tag?post=295926"}],"curies":[{"name":"wp","href":"https:\/\/api.w.org\/{rel}","templated":true}]}}