{"id":295512,"date":"2026-01-15T16:34:04","date_gmt":"2026-01-15T13:34:04","guid":{"rendered":"https:\/\/baldumarket.lt\/product\/lozko-z-materacem-bear-blue-140x70-niebieski-adrk\/"},"modified":"2026-02-11T18:14:33","modified_gmt":"2026-02-11T15:14:33","slug":"lozko-z-materacem-bear-blue-140x70-niebieski-adrk","status":"publish","type":"product","link":"https:\/\/baldumarket.lt\/lt\/product\/lozko-z-materacem-bear-blue-140x70-niebieski-adrk\/","title":{"rendered":"Lova su \u010diu\u017einiu BEAR BLUE 140\u00d770 Blue ADRK"},"content":{"rendered":"<p>Viengul\u0117 lova i\u0161 BEAR kolekcijos \u2013 puikus pasirinkimas ma\u017eyliams. \u0160i nuostabi me\u0161kiuko formos lova puikiai tinka tiek berniuk\u0173, tiek mergai\u010di\u0173 kambariams. Gamybos procese naudojami ekologi\u0161ki vandens pagrindo da\u017eai, tod\u0117l lova yra saugi ir atspari mechaniniams pa\u017eeidimams. Be to, lova neturi a\u0161tri\u0173 kamp\u0173, o grafika yra apsaugota laminatu. Papildomas privalumas \u2013 u\u017etrauktuku u\u017esegamas \u010diu\u017einio u\u017evalkalas, kur\u012f lengva nuimti ir i\u0161skalbti. Lov\u0105 galima papildyti prakti\u0161ku stal\u010diumi patalynei.<\/p>","protected":false},"excerpt":{"rendered":"<p>Plotis (cm): 78<br \/>\n\u016agis (cm): 58<br \/>\nGylis (cm): 144<br \/>\nAsambl\u0117ja<br \/>\nSavaranki\u0161kas surinkimas<br \/>\nProdukto svoris [kg]: 35<br \/>\n\u010ciu\u017einio dydis<br \/>\n70&#215;140<\/p>","protected":false},"featured_media":295513,"comment_status":"open","ping_status":"open","template":"","meta":[],"product_brand":[],"product_cat":[9201,505],"product_tag":[],"class_list":{"0":"post-295512","1":"product","2":"type-product","3":"status-publish","4":"has-post-thumbnail","6":"product_cat-adrk-furniture","7":"product_cat-bedroom-beds","9":"first","10":"instock","11":"purchasable","12":"product-type-simple"},"_links":{"self":[{"href":"https:\/\/baldumarket.lt\/lt\/wp-json\/wp\/v2\/product\/295512","targetHints":{"allow":["GET"]}}],"collection":[{"href":"https:\/\/baldumarket.lt\/lt\/wp-json\/wp\/v2\/product"}],"about":[{"href":"https:\/\/baldumarket.lt\/lt\/wp-json\/wp\/v2\/types\/product"}],"replies":[{"embeddable":true,"href":"https:\/\/baldumarket.lt\/lt\/wp-json\/wp\/v2\/comments?post=295512"}],"wp:featuredmedia":[{"embeddable":true,"href":"https:\/\/baldumarket.lt\/lt\/wp-json\/wp\/v2\/media\/295513"}],"wp:attachment":[{"href":"https:\/\/baldumarket.lt\/lt\/wp-json\/wp\/v2\/media?parent=295512"}],"wp:term":[{"taxonomy":"product_brand","embeddable":true,"href":"https:\/\/baldumarket.lt\/lt\/wp-json\/wp\/v2\/product_brand?post=295512"},{"taxonomy":"product_cat","embeddable":true,"href":"https:\/\/baldumarket.lt\/lt\/wp-json\/wp\/v2\/product_cat?post=295512"},{"taxonomy":"product_tag","embeddable":true,"href":"https:\/\/baldumarket.lt\/lt\/wp-json\/wp\/v2\/product_tag?post=295512"}],"curies":[{"name":"wp","href":"https:\/\/api.w.org\/{rel}","templated":true}]}}