{"id":295492,"date":"2026-01-15T16:33:49","date_gmt":"2026-01-15T13:33:49","guid":{"rendered":"https:\/\/baldumarket.lt\/product\/lozko-pietrowe-antresola-z-materacem-miago-180x80-bialy-adrk\/"},"modified":"2026-02-11T18:14:33","modified_gmt":"2026-02-11T15:14:33","slug":"lozko-pietrowe-antresola-z-materacem-miago-180x80-bialy-adrk","status":"publish","type":"product","link":"https:\/\/baldumarket.lt\/lt\/product\/lozko-pietrowe-antresola-z-materacem-miago-180x80-bialy-adrk\/","title":{"rendered":"Dviauk\u0161t\u0117 lova antresol\u0117je su \u010diu\u017einiu MIAGO 180\u00d780 balta ADRK"},"content":{"rendered":"<p>MIAGO dviauk\u0161t\u0117 lova skirta vienvie\u010diams vaikams. Tai puikus sprendimas ma\u017eoms erdv\u0117ms. Vir\u0161utin\u0117 dalis tarnauja kaip patogi miegojimo vieta. Erdv\u0117 po lova gali b\u016bti naudojama daiktams susid\u0117ti, darbui ar \u017eaidimams. Komplekt\u0105 sudaro patvarus r\u0117mas, pagamintas i\u0161 FLEX ber\u017eo lenteli\u0173, ir 8 cm storio putplas\u010dio \u010diu\u017einys.<\/p>","protected":false},"excerpt":{"rendered":"<p>Plotis (cm): 87<br \/>\n\u016agis (cm): 174<br \/>\nGylis (cm): 188<br \/>\nAsambl\u0117ja<br \/>\nSavaranki\u0161kas surinkimas<br \/>\nProdukto svoris [kg]: 52<br \/>\n\u010ciu\u017einio dydis<br \/>\n80&#215;180<\/p>","protected":false},"featured_media":295493,"comment_status":"open","ping_status":"open","template":"","meta":[],"product_brand":[],"product_cat":[9201,505],"product_tag":[],"class_list":{"0":"post-295492","1":"product","2":"type-product","3":"status-publish","4":"has-post-thumbnail","6":"product_cat-adrk-furniture","7":"product_cat-bedroom-beds","9":"first","10":"instock","11":"purchasable","12":"product-type-simple"},"_links":{"self":[{"href":"https:\/\/baldumarket.lt\/lt\/wp-json\/wp\/v2\/product\/295492","targetHints":{"allow":["GET"]}}],"collection":[{"href":"https:\/\/baldumarket.lt\/lt\/wp-json\/wp\/v2\/product"}],"about":[{"href":"https:\/\/baldumarket.lt\/lt\/wp-json\/wp\/v2\/types\/product"}],"replies":[{"embeddable":true,"href":"https:\/\/baldumarket.lt\/lt\/wp-json\/wp\/v2\/comments?post=295492"}],"wp:featuredmedia":[{"embeddable":true,"href":"https:\/\/baldumarket.lt\/lt\/wp-json\/wp\/v2\/media\/295493"}],"wp:attachment":[{"href":"https:\/\/baldumarket.lt\/lt\/wp-json\/wp\/v2\/media?parent=295492"}],"wp:term":[{"taxonomy":"product_brand","embeddable":true,"href":"https:\/\/baldumarket.lt\/lt\/wp-json\/wp\/v2\/product_brand?post=295492"},{"taxonomy":"product_cat","embeddable":true,"href":"https:\/\/baldumarket.lt\/lt\/wp-json\/wp\/v2\/product_cat?post=295492"},{"taxonomy":"product_tag","embeddable":true,"href":"https:\/\/baldumarket.lt\/lt\/wp-json\/wp\/v2\/product_tag?post=295492"}],"curies":[{"name":"wp","href":"https:\/\/api.w.org\/{rel}","templated":true}]}}