{"id":295437,"date":"2026-01-15T16:33:09","date_gmt":"2026-01-15T13:33:09","guid":{"rendered":"https:\/\/baldumarket.lt\/product\/lozko-pietrowe-dwuosobowe-z-materacami-ada-200x90-bialy-adrk\/"},"modified":"2026-02-11T18:14:35","modified_gmt":"2026-02-11T15:14:35","slug":"lozko-pietrowe-dwuosobowe-z-materacami-ada-200x90-bialy-adrk","status":"publish","type":"product","link":"https:\/\/baldumarket.lt\/lt\/product\/lozko-pietrowe-dwuosobowe-z-materacami-ada-200x90-bialy-adrk\/","title":{"rendered":"Dviauk\u0161t\u0117 lova su ADA \u010diu\u017einiais 200\u00d790, balta, ADRK"},"content":{"rendered":"<p>Dviauk\u0161t\u0117 lova su ADA apsauga \u2013 puikus b\u016bdas sutaupyti vietos ma\u017eame vaik\u0173 kambaryje. Galima rinktis i\u0161 dviej\u0173 dyd\u017ei\u0173 ir spalv\u0173, kad papildyt\u0173 bet kok\u012f interjer\u0105. Balduose yra kop\u0117t\u0117l\u0117s ir du erdv\u016bs bei funkcional\u016bs patalyn\u0117s stal\u010diai. Lova tiekiama su 8 cm storio putplas\u010dio \u010diu\u017eini\u0173 komplektu.<\/p>","protected":false},"excerpt":{"rendered":"<p>Plotis (cm): 97<br \/>\n\u016agis (cm): 160<br \/>\nGylis (cm): 210<br \/>\nAsambl\u0117ja<br \/>\nSavaranki\u0161kas surinkimas<br \/>\nProdukto svoris [kg]: 100<br \/>\n\u010ciu\u017einio dydis<br \/>\n90&#215;200<\/p>","protected":false},"featured_media":295438,"comment_status":"open","ping_status":"open","template":"","meta":[],"product_brand":[],"product_cat":[9201,505],"product_tag":[],"class_list":{"0":"post-295437","1":"product","2":"type-product","3":"status-publish","4":"has-post-thumbnail","6":"product_cat-adrk-furniture","7":"product_cat-bedroom-beds","9":"first","10":"instock","11":"purchasable","12":"product-type-simple"},"_links":{"self":[{"href":"https:\/\/baldumarket.lt\/lt\/wp-json\/wp\/v2\/product\/295437","targetHints":{"allow":["GET"]}}],"collection":[{"href":"https:\/\/baldumarket.lt\/lt\/wp-json\/wp\/v2\/product"}],"about":[{"href":"https:\/\/baldumarket.lt\/lt\/wp-json\/wp\/v2\/types\/product"}],"replies":[{"embeddable":true,"href":"https:\/\/baldumarket.lt\/lt\/wp-json\/wp\/v2\/comments?post=295437"}],"wp:featuredmedia":[{"embeddable":true,"href":"https:\/\/baldumarket.lt\/lt\/wp-json\/wp\/v2\/media\/295438"}],"wp:attachment":[{"href":"https:\/\/baldumarket.lt\/lt\/wp-json\/wp\/v2\/media?parent=295437"}],"wp:term":[{"taxonomy":"product_brand","embeddable":true,"href":"https:\/\/baldumarket.lt\/lt\/wp-json\/wp\/v2\/product_brand?post=295437"},{"taxonomy":"product_cat","embeddable":true,"href":"https:\/\/baldumarket.lt\/lt\/wp-json\/wp\/v2\/product_cat?post=295437"},{"taxonomy":"product_tag","embeddable":true,"href":"https:\/\/baldumarket.lt\/lt\/wp-json\/wp\/v2\/product_tag?post=295437"}],"curies":[{"name":"wp","href":"https:\/\/api.w.org\/{rel}","templated":true}]}}