{"id":295415,"date":"2026-01-15T16:32:53","date_gmt":"2026-01-15T13:32:53","guid":{"rendered":"https:\/\/baldumarket.lt\/product\/lozko-pietrowe-dwuosobowe-ada-180x80-sosna-adrk\/"},"modified":"2026-02-11T18:14:35","modified_gmt":"2026-02-11T15:14:35","slug":"lozko-pietrowe-dwuosobowe-ada-180x80-sosna-adrk","status":"publish","type":"product","link":"https:\/\/baldumarket.lt\/lt\/product\/lozko-pietrowe-dwuosobowe-ada-180x80-sosna-adrk\/","title":{"rendered":"Dviauk\u0161t\u0117 lova ADA 180\u00d780 pu\u0161is ADRK"},"content":{"rendered":"<p>Dviauk\u0161t\u0117 lova su ADA apsauga \u2013 puikus b\u016bdas sutaupyti vietos ma\u017eame vaik\u0173 kambaryje. Lova su ADA apsauga yra dviej\u0173 dyd\u017ei\u0173 ir spalv\u0173, tod\u0117l der\u0117s prie bet kokio interjero. Lova turi kop\u0117\u010dias ir du erdvius bei funkcionalius patalyn\u0117s stal\u010dius. \u010ciu\u017einiai \u012f komplekt\u0105 ne\u012feina.<\/p>","protected":false},"excerpt":{"rendered":"<p>Plotis (cm): 87<br \/>\n\u016agis (cm): 160<br \/>\nGylis (cm): 190<br \/>\nAsambl\u0117ja<br \/>\nSavaranki\u0161kas surinkimas<br \/>\nProdukto svoris [kg]: 85<br \/>\n\u010ciu\u017einio dydis<br \/>\n80&#215;180<\/p>","protected":false},"featured_media":295416,"comment_status":"open","ping_status":"open","template":"","meta":[],"product_brand":[],"product_cat":[9201,505],"product_tag":[],"class_list":{"0":"post-295415","1":"product","2":"type-product","3":"status-publish","4":"has-post-thumbnail","6":"product_cat-adrk-furniture","7":"product_cat-bedroom-beds","9":"first","10":"instock","11":"purchasable","12":"product-type-simple"},"_links":{"self":[{"href":"https:\/\/baldumarket.lt\/lt\/wp-json\/wp\/v2\/product\/295415","targetHints":{"allow":["GET"]}}],"collection":[{"href":"https:\/\/baldumarket.lt\/lt\/wp-json\/wp\/v2\/product"}],"about":[{"href":"https:\/\/baldumarket.lt\/lt\/wp-json\/wp\/v2\/types\/product"}],"replies":[{"embeddable":true,"href":"https:\/\/baldumarket.lt\/lt\/wp-json\/wp\/v2\/comments?post=295415"}],"wp:featuredmedia":[{"embeddable":true,"href":"https:\/\/baldumarket.lt\/lt\/wp-json\/wp\/v2\/media\/295416"}],"wp:attachment":[{"href":"https:\/\/baldumarket.lt\/lt\/wp-json\/wp\/v2\/media?parent=295415"}],"wp:term":[{"taxonomy":"product_brand","embeddable":true,"href":"https:\/\/baldumarket.lt\/lt\/wp-json\/wp\/v2\/product_brand?post=295415"},{"taxonomy":"product_cat","embeddable":true,"href":"https:\/\/baldumarket.lt\/lt\/wp-json\/wp\/v2\/product_cat?post=295415"},{"taxonomy":"product_tag","embeddable":true,"href":"https:\/\/baldumarket.lt\/lt\/wp-json\/wp\/v2\/product_tag?post=295415"}],"curies":[{"name":"wp","href":"https:\/\/api.w.org\/{rel}","templated":true}]}}