{"id":295303,"date":"2026-01-15T16:31:21","date_gmt":"2026-01-15T13:31:21","guid":{"rendered":"https:\/\/baldumarket.lt\/product\/lozko-podwojne-tomi-200x90-grafit-adrk\/"},"modified":"2026-02-11T18:14:40","modified_gmt":"2026-02-11T15:14:40","slug":"lozko-podwojne-tomi-200x90-grafit-adrk","status":"publish","type":"product","link":"https:\/\/baldumarket.lt\/lt\/product\/lozko-podwojne-tomi-200x90-grafit-adrk\/","title":{"rendered":"TOMI dvigul\u0117 lova 200\u00d790 grafito spalvos ADRK"},"content":{"rendered":"<p>Dvigul\u0117 lova \u201eTOMI\u201c \u2013 puikus sprendimas kambariui, kuriame gyvena du broliai ir seserys. Ji taip pat puikiai tinka netik\u0117tiems sve\u010diams. Lova yra dviej\u0173 dyd\u017ei\u0173 ir \u012fvairi\u0173 spalv\u0173, kad der\u0117t\u0173 prie bet kokio interjero, turi du prakti\u0161kus ir funkcionalius patalyn\u0117s stal\u010dius bei patvar\u0173, tvirt\u0105 pu\u0161ies medienos r\u0117m\u0105. \u010ciu\u017einiai \u012f komplekt\u0105 ne\u012feina.<\/p>","protected":false},"excerpt":{"rendered":"<p>Plotis (cm): 97<br \/>\n\u016agis (cm): 80<br \/>\nGylis (cm): 206<br \/>\nAsambl\u0117ja<br \/>\nSavaranki\u0161kas surinkimas<br \/>\nProdukto svoris [kg]: 80<\/p>","protected":false},"featured_media":295304,"comment_status":"open","ping_status":"open","template":"","meta":[],"product_brand":[],"product_cat":[9201,505],"product_tag":[],"class_list":{"0":"post-295303","1":"product","2":"type-product","3":"status-publish","4":"has-post-thumbnail","6":"product_cat-adrk-furniture","7":"product_cat-bedroom-beds","9":"first","10":"instock","11":"purchasable","12":"product-type-simple"},"_links":{"self":[{"href":"https:\/\/baldumarket.lt\/lt\/wp-json\/wp\/v2\/product\/295303","targetHints":{"allow":["GET"]}}],"collection":[{"href":"https:\/\/baldumarket.lt\/lt\/wp-json\/wp\/v2\/product"}],"about":[{"href":"https:\/\/baldumarket.lt\/lt\/wp-json\/wp\/v2\/types\/product"}],"replies":[{"embeddable":true,"href":"https:\/\/baldumarket.lt\/lt\/wp-json\/wp\/v2\/comments?post=295303"}],"wp:featuredmedia":[{"embeddable":true,"href":"https:\/\/baldumarket.lt\/lt\/wp-json\/wp\/v2\/media\/295304"}],"wp:attachment":[{"href":"https:\/\/baldumarket.lt\/lt\/wp-json\/wp\/v2\/media?parent=295303"}],"wp:term":[{"taxonomy":"product_brand","embeddable":true,"href":"https:\/\/baldumarket.lt\/lt\/wp-json\/wp\/v2\/product_brand?post=295303"},{"taxonomy":"product_cat","embeddable":true,"href":"https:\/\/baldumarket.lt\/lt\/wp-json\/wp\/v2\/product_cat?post=295303"},{"taxonomy":"product_tag","embeddable":true,"href":"https:\/\/baldumarket.lt\/lt\/wp-json\/wp\/v2\/product_tag?post=295303"}],"curies":[{"name":"wp","href":"https:\/\/api.w.org\/{rel}","templated":true}]}}