{"id":294888,"date":"2026-01-15T16:24:54","date_gmt":"2026-01-15T13:24:54","guid":{"rendered":"https:\/\/baldumarket.lt\/product\/lozko-podwojne-z-barierka-i-materacami-tiarro-200x90-sosna-dab-zloty-adrk\/"},"modified":"2026-02-11T18:14:51","modified_gmt":"2026-02-11T15:14:51","slug":"lozko-podwojne-z-barierka-i-materacami-tiarro-200x90-sosna-dab-zloty-adrk","status":"publish","type":"product","link":"https:\/\/baldumarket.lt\/lt\/product\/lozko-podwojne-z-barierka-i-materacami-tiarro-200x90-sosna-dab-zloty-adrk\/","title":{"rendered":"Dvigul\u0117 lova su karnizu ir \u010diu\u017einiais TIARRO 200\u00d790 pu\u0161is\/auksinis \u0105\u017euolas ADRK"},"content":{"rendered":"<p>Dvigul\u0117 lova \u201eTIARRO\u201c su apsauginiu tur\u0117klu \u2013 puikus sprendimas kambariui su dviem broliais ir seserimis. Ji taip pat puikiai tinka netik\u0117tiems sve\u010diams. Lova yra dviej\u0173 dyd\u017ei\u0173 ir \u012fvairi\u0173 spalv\u0173, kad der\u0117t\u0173 prie bet kokio interjero, turi du prakti\u0161kus ir funkcionalius stal\u010dius patalynei ir patvar\u0173, tvirt\u0105 pu\u0161ies medienos r\u0117m\u0105. Siekiant didesnio saugumo, modelyje yra papildomas apsauginis tur\u0117klas, apsaugantis nuo kritim\u0173. Lova tiekiama su 8 cm storio putplas\u010dio \u010diu\u017eini\u0173 komplektu.<\/p>","protected":false},"excerpt":{"rendered":"<p>Plotis (cm): 97<br \/>\n\u016agis (cm): 80<br \/>\nGylis (cm): 206<br \/>\nAsambl\u0117ja<br \/>\nSavaranki\u0161kas surinkimas<br \/>\nProdukto svoris [kg]: 92<\/p>","protected":false},"featured_media":294889,"comment_status":"open","ping_status":"open","template":"","meta":[],"product_brand":[],"product_cat":[9201,505],"product_tag":[],"class_list":{"0":"post-294888","1":"product","2":"type-product","3":"status-publish","4":"has-post-thumbnail","6":"product_cat-adrk-furniture","7":"product_cat-bedroom-beds","9":"first","10":"instock","11":"purchasable","12":"product-type-simple"},"_links":{"self":[{"href":"https:\/\/baldumarket.lt\/lt\/wp-json\/wp\/v2\/product\/294888","targetHints":{"allow":["GET"]}}],"collection":[{"href":"https:\/\/baldumarket.lt\/lt\/wp-json\/wp\/v2\/product"}],"about":[{"href":"https:\/\/baldumarket.lt\/lt\/wp-json\/wp\/v2\/types\/product"}],"replies":[{"embeddable":true,"href":"https:\/\/baldumarket.lt\/lt\/wp-json\/wp\/v2\/comments?post=294888"}],"wp:featuredmedia":[{"embeddable":true,"href":"https:\/\/baldumarket.lt\/lt\/wp-json\/wp\/v2\/media\/294889"}],"wp:attachment":[{"href":"https:\/\/baldumarket.lt\/lt\/wp-json\/wp\/v2\/media?parent=294888"}],"wp:term":[{"taxonomy":"product_brand","embeddable":true,"href":"https:\/\/baldumarket.lt\/lt\/wp-json\/wp\/v2\/product_brand?post=294888"},{"taxonomy":"product_cat","embeddable":true,"href":"https:\/\/baldumarket.lt\/lt\/wp-json\/wp\/v2\/product_cat?post=294888"},{"taxonomy":"product_tag","embeddable":true,"href":"https:\/\/baldumarket.lt\/lt\/wp-json\/wp\/v2\/product_tag?post=294888"}],"curies":[{"name":"wp","href":"https:\/\/api.w.org\/{rel}","templated":true}]}}