{"id":294668,"date":"2026-01-15T16:21:47","date_gmt":"2026-01-15T13:21:47","guid":{"rendered":"https:\/\/baldumarket.lt\/product\/lozko-pietrowe-dwuosobowe-z-materacami-garet-180x80-bialy-sonoma-adrk\/"},"modified":"2026-02-11T18:14:57","modified_gmt":"2026-02-11T15:14:57","slug":"lozko-pietrowe-dwuosobowe-z-materacami-garet-180x80-bialy-sonoma-adrk","status":"publish","type":"product","link":"https:\/\/baldumarket.lt\/lt\/product\/lozko-pietrowe-dwuosobowe-z-materacami-garet-180x80-bialy-sonoma-adrk\/","title":{"rendered":"Dviauk\u0161t\u0117 lova su GARET 180\u00d780 \u010diu\u017einiais, balta\/Sonoma ADRK"},"content":{"rendered":"<p>Dviauk\u0161t\u0117 lova \u201eGARET\u201c \u2013 puikus b\u016bdas sutaupyti vietos ma\u017eame vaik\u0173 kambaryje. Joje yra kop\u0117t\u0117l\u0117s ir du erdv\u016bs bei funkcional\u016bs stal\u010diai patalynei. Be to, dviejuose lygiuose yra b\u0117geliai, u\u017etikrinantys didesn\u012f saugum\u0105 miegant. \u201eGARET\u201c modelyje yra lentynos, esan\u010dios tiek lovos viduje, tiek i\u0161or\u0117je. Komplekt\u0105 sudaro du 8 cm storio putplas\u010dio \u010diu\u017einiai.<\/p>","protected":false},"excerpt":{"rendered":"<p>Plotis (cm): 94<br \/>\n\u016agis (cm): 160<br \/>\nGylis (cm): 210<br \/>\nAsambl\u0117ja<br \/>\nSavaranki\u0161kas surinkimas<br \/>\nProdukto svoris [kg]: 110<br \/>\n\u010ciu\u017einio dydis<br \/>\n80&#215;180<\/p>","protected":false},"featured_media":294669,"comment_status":"open","ping_status":"open","template":"","meta":[],"product_brand":[],"product_cat":[9201,505],"product_tag":[],"class_list":{"0":"post-294668","1":"product","2":"type-product","3":"status-publish","4":"has-post-thumbnail","6":"product_cat-adrk-furniture","7":"product_cat-bedroom-beds","9":"first","10":"instock","11":"purchasable","12":"product-type-simple"},"_links":{"self":[{"href":"https:\/\/baldumarket.lt\/lt\/wp-json\/wp\/v2\/product\/294668","targetHints":{"allow":["GET"]}}],"collection":[{"href":"https:\/\/baldumarket.lt\/lt\/wp-json\/wp\/v2\/product"}],"about":[{"href":"https:\/\/baldumarket.lt\/lt\/wp-json\/wp\/v2\/types\/product"}],"replies":[{"embeddable":true,"href":"https:\/\/baldumarket.lt\/lt\/wp-json\/wp\/v2\/comments?post=294668"}],"wp:featuredmedia":[{"embeddable":true,"href":"https:\/\/baldumarket.lt\/lt\/wp-json\/wp\/v2\/media\/294669"}],"wp:attachment":[{"href":"https:\/\/baldumarket.lt\/lt\/wp-json\/wp\/v2\/media?parent=294668"}],"wp:term":[{"taxonomy":"product_brand","embeddable":true,"href":"https:\/\/baldumarket.lt\/lt\/wp-json\/wp\/v2\/product_brand?post=294668"},{"taxonomy":"product_cat","embeddable":true,"href":"https:\/\/baldumarket.lt\/lt\/wp-json\/wp\/v2\/product_cat?post=294668"},{"taxonomy":"product_tag","embeddable":true,"href":"https:\/\/baldumarket.lt\/lt\/wp-json\/wp\/v2\/product_tag?post=294668"}],"curies":[{"name":"wp","href":"https:\/\/api.w.org\/{rel}","templated":true}]}}