{"id":294360,"date":"2026-01-15T16:17:19","date_gmt":"2026-01-15T13:17:19","guid":{"rendered":"https:\/\/baldumarket.lt\/product\/lozko-pietrowe-trzyosobowe-z-materacami-tedro-180x80-bialy-adrk\/"},"modified":"2026-02-11T18:15:08","modified_gmt":"2026-02-11T15:15:08","slug":"lozko-pietrowe-trzyosobowe-z-materacami-tedro-180x80-bialy-adrk","status":"publish","type":"product","link":"https:\/\/baldumarket.lt\/lt\/product\/lozko-pietrowe-trzyosobowe-z-materacami-tedro-180x80-bialy-adrk\/","title":{"rendered":"Triviet\u0117 dviauk\u0161t\u0117 lova su TEDRO 180\u00d780 \u010diu\u017einiais, balta, ADRK"},"content":{"rendered":"<p>Triviet\u0117 dviauk\u0161t\u0117 lova \u201eTEDRO\u201c \u2013 puikus b\u016bdas sutaupyti vietos ma\u017eame vaik\u0173 kambaryje. Kiekviena pakopa yra vir\u0161 kitos. Lova turi dvi stabilias kop\u0117\u010dias ir apsauginius tur\u0117klus beveik kiekvienoje r\u0117mo pus\u0117je, u\u017etikrinan\u010dius visi\u0161k\u0105 vaiko saugum\u0105 miegant. Lova parduodama su 8 cm storio putplas\u010dio \u010diu\u017eini\u0173 komplektu.<\/p>","protected":false},"excerpt":{"rendered":"<p>Plotis (cm): 87<br \/>\n\u016agis (cm): 209<br \/>\nGylis (cm): 188<br \/>\nAsambl\u0117ja<br \/>\nSavaranki\u0161kas surinkimas<br \/>\nProdukto svoris [kg]: 87<br \/>\n\u010ciu\u017einio dydis<br \/>\n80&#215;180<\/p>","protected":false},"featured_media":294361,"comment_status":"open","ping_status":"open","template":"","meta":[],"product_brand":[],"product_cat":[9201,505],"product_tag":[],"class_list":{"0":"post-294360","1":"product","2":"type-product","3":"status-publish","4":"has-post-thumbnail","6":"product_cat-adrk-furniture","7":"product_cat-bedroom-beds","9":"first","10":"instock","11":"purchasable","12":"product-type-simple"},"_links":{"self":[{"href":"https:\/\/baldumarket.lt\/lt\/wp-json\/wp\/v2\/product\/294360","targetHints":{"allow":["GET"]}}],"collection":[{"href":"https:\/\/baldumarket.lt\/lt\/wp-json\/wp\/v2\/product"}],"about":[{"href":"https:\/\/baldumarket.lt\/lt\/wp-json\/wp\/v2\/types\/product"}],"replies":[{"embeddable":true,"href":"https:\/\/baldumarket.lt\/lt\/wp-json\/wp\/v2\/comments?post=294360"}],"wp:featuredmedia":[{"embeddable":true,"href":"https:\/\/baldumarket.lt\/lt\/wp-json\/wp\/v2\/media\/294361"}],"wp:attachment":[{"href":"https:\/\/baldumarket.lt\/lt\/wp-json\/wp\/v2\/media?parent=294360"}],"wp:term":[{"taxonomy":"product_brand","embeddable":true,"href":"https:\/\/baldumarket.lt\/lt\/wp-json\/wp\/v2\/product_brand?post=294360"},{"taxonomy":"product_cat","embeddable":true,"href":"https:\/\/baldumarket.lt\/lt\/wp-json\/wp\/v2\/product_cat?post=294360"},{"taxonomy":"product_tag","embeddable":true,"href":"https:\/\/baldumarket.lt\/lt\/wp-json\/wp\/v2\/product_tag?post=294360"}],"curies":[{"name":"wp","href":"https:\/\/api.w.org\/{rel}","templated":true}]}}