{"id":294111,"date":"2026-01-15T16:14:01","date_gmt":"2026-01-15T13:14:01","guid":{"rendered":"https:\/\/baldumarket.lt\/product\/lozko-z-materacem-aldex-180x80-bialy-dab-zloty-adrk\/"},"modified":"2026-02-11T18:15:15","modified_gmt":"2026-02-11T15:15:15","slug":"lozko-z-materacem-aldex-180x80-bialy-dab-zloty-adrk","status":"publish","type":"product","link":"https:\/\/baldumarket.lt\/lt\/product\/lozko-z-materacem-aldex-180x80-bialy-dab-zloty-adrk\/","title":{"rendered":"Lova su \u010diu\u017einiu ALDEX 180\u00d780 balta\/auksinio \u0105\u017euolo ADRK"},"content":{"rendered":"<p>Paprasto dizaino ALDEX viengul\u0117 lova puikiai tiks jaunimo kambaryje. Jos pagrindin\u0117s savyb\u0117s \u2013 du erdv\u016bs ir funkcional\u016bs stal\u010diai patalynei, kiekvienas su ratukais. Komplekt\u0105 taip pat sudaro patvarus r\u0117mas, pagamintas i\u0161 stand\u017ei\u0173 lenteli\u0173, ir 8 cm storio putplas\u010dio \u010diu\u017einys. Lovos r\u0117mas padengtas trimis lako sluoksniais, kurie u\u017etikrina atsparum\u0105 mechaniniams pa\u017eeidimams ir \u012fvairi\u0173 tip\u0173 d\u0117m\u0117ms. Be to, raginame susipa\u017einti su ALDEX SHELF modeliu, kuriame yra lentyn\u0117l\u0117, puikiai tinkanti naktinei lempai ar m\u0117gstamai knygai.<\/p>","protected":false},"excerpt":{"rendered":"<p>Plotis (cm): 86<br \/>\n\u016agis (cm): 72<br \/>\nGylis (cm): 190<br \/>\nAsambl\u0117ja<br \/>\nSavaranki\u0161kas surinkimas<br \/>\nProdukto svoris [kg]: 72<br \/>\n\u010ciu\u017einio dydis<br \/>\n80&#215;180<\/p>","protected":false},"featured_media":294112,"comment_status":"open","ping_status":"open","template":"","meta":[],"product_brand":[],"product_cat":[9201,505],"product_tag":[],"class_list":{"0":"post-294111","1":"product","2":"type-product","3":"status-publish","4":"has-post-thumbnail","6":"product_cat-adrk-furniture","7":"product_cat-bedroom-beds","9":"first","10":"instock","11":"purchasable","12":"product-type-simple"},"_links":{"self":[{"href":"https:\/\/baldumarket.lt\/lt\/wp-json\/wp\/v2\/product\/294111","targetHints":{"allow":["GET"]}}],"collection":[{"href":"https:\/\/baldumarket.lt\/lt\/wp-json\/wp\/v2\/product"}],"about":[{"href":"https:\/\/baldumarket.lt\/lt\/wp-json\/wp\/v2\/types\/product"}],"replies":[{"embeddable":true,"href":"https:\/\/baldumarket.lt\/lt\/wp-json\/wp\/v2\/comments?post=294111"}],"wp:featuredmedia":[{"embeddable":true,"href":"https:\/\/baldumarket.lt\/lt\/wp-json\/wp\/v2\/media\/294112"}],"wp:attachment":[{"href":"https:\/\/baldumarket.lt\/lt\/wp-json\/wp\/v2\/media?parent=294111"}],"wp:term":[{"taxonomy":"product_brand","embeddable":true,"href":"https:\/\/baldumarket.lt\/lt\/wp-json\/wp\/v2\/product_brand?post=294111"},{"taxonomy":"product_cat","embeddable":true,"href":"https:\/\/baldumarket.lt\/lt\/wp-json\/wp\/v2\/product_cat?post=294111"},{"taxonomy":"product_tag","embeddable":true,"href":"https:\/\/baldumarket.lt\/lt\/wp-json\/wp\/v2\/product_tag?post=294111"}],"curies":[{"name":"wp","href":"https:\/\/api.w.org\/{rel}","templated":true}]}}