{"id":294081,"date":"2026-01-15T16:13:38","date_gmt":"2026-01-15T13:13:38","guid":{"rendered":"https:\/\/baldumarket.lt\/product\/lozko-aldex-180x80-bialy-artisan-adrk\/"},"modified":"2026-02-11T18:15:16","modified_gmt":"2026-02-11T15:15:16","slug":"lozko-aldex-180x80-bialy-artisan-adrk","status":"publish","type":"product","link":"https:\/\/baldumarket.lt\/lt\/product\/lozko-aldex-180x80-bialy-artisan-adrk\/","title":{"rendered":"ALDEX lova 180\u00d780 balta\/Artisan ADRK"},"content":{"rendered":"<p>Paprasto dizaino ALDEX viengul\u0117 lova puikiai tiks jaunimo kambaryje. Pagrindinis jos bruo\u017eas \u2013 du erdv\u016bs ir funkcional\u016bs stal\u010diai patalynei, kiekvienas su ratukais. Komplekte taip pat yra patvarus r\u0117mas, pagamintas i\u0161 stand\u017ei\u0173 lenteli\u0173. Lovos r\u0117mas padengtas trimis lako sluoksniais, u\u017etikrinan\u010diais atsparum\u0105 mechaniniams pa\u017eeidimams ir \u012fvairi\u0173 tip\u0173 d\u0117m\u0117ms. \u010ciu\u017einys \u012f lov\u0105 ne\u012feina. Taip pat raginame per\u017ei\u016br\u0117ti ALDEX SHELF model\u012f, kuriame yra lentyn\u0117l\u0117, puikiai tinkanti naktinei lempai ar m\u0117gstamai knygai.<\/p>","protected":false},"excerpt":{"rendered":"<p>Plotis (cm): 86<br \/>\n\u016agis (cm): 72<br \/>\nGylis (cm): 190<br \/>\nAsambl\u0117ja<br \/>\nSavaranki\u0161kas surinkimas<br \/>\nProdukto svoris [kg]: 55<br \/>\n\u010ciu\u017einio dydis<br \/>\n80&#215;180<\/p>","protected":false},"featured_media":294082,"comment_status":"open","ping_status":"open","template":"","meta":[],"product_brand":[],"product_cat":[9201,505],"product_tag":[],"class_list":{"0":"post-294081","1":"product","2":"type-product","3":"status-publish","4":"has-post-thumbnail","6":"product_cat-adrk-furniture","7":"product_cat-bedroom-beds","9":"first","10":"instock","11":"purchasable","12":"product-type-simple"},"_links":{"self":[{"href":"https:\/\/baldumarket.lt\/lt\/wp-json\/wp\/v2\/product\/294081","targetHints":{"allow":["GET"]}}],"collection":[{"href":"https:\/\/baldumarket.lt\/lt\/wp-json\/wp\/v2\/product"}],"about":[{"href":"https:\/\/baldumarket.lt\/lt\/wp-json\/wp\/v2\/types\/product"}],"replies":[{"embeddable":true,"href":"https:\/\/baldumarket.lt\/lt\/wp-json\/wp\/v2\/comments?post=294081"}],"wp:featuredmedia":[{"embeddable":true,"href":"https:\/\/baldumarket.lt\/lt\/wp-json\/wp\/v2\/media\/294082"}],"wp:attachment":[{"href":"https:\/\/baldumarket.lt\/lt\/wp-json\/wp\/v2\/media?parent=294081"}],"wp:term":[{"taxonomy":"product_brand","embeddable":true,"href":"https:\/\/baldumarket.lt\/lt\/wp-json\/wp\/v2\/product_brand?post=294081"},{"taxonomy":"product_cat","embeddable":true,"href":"https:\/\/baldumarket.lt\/lt\/wp-json\/wp\/v2\/product_cat?post=294081"},{"taxonomy":"product_tag","embeddable":true,"href":"https:\/\/baldumarket.lt\/lt\/wp-json\/wp\/v2\/product_tag?post=294081"}],"curies":[{"name":"wp","href":"https:\/\/api.w.org\/{rel}","templated":true}]}}