{"id":293886,"date":"2026-01-15T16:10:46","date_gmt":"2026-01-15T13:10:46","guid":{"rendered":"https:\/\/baldumarket.lt\/product\/lozko-z-materacem-aldex-shelf-200x90-bialy-trufla-adrk\/"},"modified":"2026-02-11T18:15:22","modified_gmt":"2026-02-11T15:15:22","slug":"lozko-z-materacem-aldex-shelf-200x90-bialy-trufla-adrk","status":"publish","type":"product","link":"https:\/\/baldumarket.lt\/lt\/product\/lozko-z-materacem-aldex-shelf-200x90-bialy-trufla-adrk\/","title":{"rendered":"ALDEX LENTYNA 200\u00d790 Balta\/Triufeli\u0173 ADRK Lova su \u010diu\u017einiu"},"content":{"rendered":"<p>Paprasto dizaino viengul\u0117 lova ALDEX SHELF puikiai tiks jaunimo kambaryje. \u0160is modelis turi lentyn\u0105, puikiai tinkan\u010di\u0105 naktinei lempai ar m\u0117gstamai knygai. Privalumas \u2013 du erdv\u016bs ir funkcional\u016bs stal\u010diai patalynei. Komplekt\u0105 taip pat sudaro patvarus r\u0117mas, pagamintas i\u0161 stand\u017ei\u0173 lenteli\u0173, ir 8 cm storio putplas\u010dio \u010diu\u017einys. Lovos r\u0117mas padengtas trimis lako sluoksniais, kurie u\u017etikrina atsparum\u0105 mechaniniams pa\u017eeidimams ir \u012fvairi\u0173 tip\u0173 d\u0117m\u0117ms.<\/p>","protected":false},"excerpt":{"rendered":"<p>Plotis (cm): 149<br \/>\n\u016agis (cm): 72<br \/>\nGylis (cm): 208<br \/>\nAsambl\u0117ja<br \/>\nSavaranki\u0161kas surinkimas<br \/>\nProdukto svoris [kg]: 69<br \/>\n\u010ciu\u017einio dydis<br \/>\n90&#215;200<\/p>","protected":false},"featured_media":293887,"comment_status":"open","ping_status":"open","template":"","meta":[],"product_brand":[],"product_cat":[9201,505],"product_tag":[],"class_list":{"0":"post-293886","1":"product","2":"type-product","3":"status-publish","4":"has-post-thumbnail","6":"product_cat-adrk-furniture","7":"product_cat-bedroom-beds","9":"first","10":"instock","11":"purchasable","12":"product-type-simple"},"_links":{"self":[{"href":"https:\/\/baldumarket.lt\/lt\/wp-json\/wp\/v2\/product\/293886","targetHints":{"allow":["GET"]}}],"collection":[{"href":"https:\/\/baldumarket.lt\/lt\/wp-json\/wp\/v2\/product"}],"about":[{"href":"https:\/\/baldumarket.lt\/lt\/wp-json\/wp\/v2\/types\/product"}],"replies":[{"embeddable":true,"href":"https:\/\/baldumarket.lt\/lt\/wp-json\/wp\/v2\/comments?post=293886"}],"wp:featuredmedia":[{"embeddable":true,"href":"https:\/\/baldumarket.lt\/lt\/wp-json\/wp\/v2\/media\/293887"}],"wp:attachment":[{"href":"https:\/\/baldumarket.lt\/lt\/wp-json\/wp\/v2\/media?parent=293886"}],"wp:term":[{"taxonomy":"product_brand","embeddable":true,"href":"https:\/\/baldumarket.lt\/lt\/wp-json\/wp\/v2\/product_brand?post=293886"},{"taxonomy":"product_cat","embeddable":true,"href":"https:\/\/baldumarket.lt\/lt\/wp-json\/wp\/v2\/product_cat?post=293886"},{"taxonomy":"product_tag","embeddable":true,"href":"https:\/\/baldumarket.lt\/lt\/wp-json\/wp\/v2\/product_tag?post=293886"}],"curies":[{"name":"wp","href":"https:\/\/api.w.org\/{rel}","templated":true}]}}