{"id":293846,"date":"2026-01-15T16:10:15","date_gmt":"2026-01-15T13:10:15","guid":{"rendered":"https:\/\/baldumarket.lt\/product\/lozko-pietrowe-trzyosobowe-z-materacami-benito-200x80-bialy-adrk\/"},"modified":"2026-02-11T18:15:23","modified_gmt":"2026-02-11T15:15:23","slug":"lozko-pietrowe-trzyosobowe-z-materacami-benito-200x80-bialy-adrk","status":"publish","type":"product","link":"https:\/\/baldumarket.lt\/lt\/product\/lozko-pietrowe-trzyosobowe-z-materacami-benito-200x80-bialy-adrk\/","title":{"rendered":"Triviet\u0117 dviauk\u0161t\u0117 lova su BENITO 200\u00d780 \u010diu\u017einiais, balta, ADRK"},"content":{"rendered":"<p>Triviet\u0117 dviauk\u0161t\u0117 lova BENITO yra modernaus dizaino ir puikus b\u016bdas sutaupyti vietos ma\u017eame vaik\u0173 ar paaugli\u0173 kambaryje. Lovos kojoje yra kop\u0117t\u0117l\u0117s, kad b\u016bt\u0173 lengviau ir patogiau patekti \u012f vir\u0161utin\u012f auk\u0161t\u0105. Be to, lovoje yra du erdv\u016bs ir prakti\u0161ki stal\u010diai patalynei. Lova komplektuojama su vir\u0161utiniu 8 cm storio putplas\u010dio \u010diu\u017einiu ir apatiniu 15 cm storio \u201eBonnell\u201c spyruokliniu \u010diu\u017einiu.<\/p>","protected":false},"excerpt":{"rendered":"<p>Plotis (cm): 128<br \/>\n\u016agis (cm): 165<br \/>\nGylis (cm): 212<br \/>\nAsambl\u0117ja<br \/>\nSavaranki\u0161kas surinkimas<br \/>\nProdukto svoris [kg]: 116<br \/>\n\u010ciu\u017einio dydis<br \/>\n120&#215;200<\/p>","protected":false},"featured_media":293847,"comment_status":"open","ping_status":"open","template":"","meta":[],"product_brand":[],"product_cat":[9201,505],"product_tag":[],"class_list":{"0":"post-293846","1":"product","2":"type-product","3":"status-publish","4":"has-post-thumbnail","6":"product_cat-adrk-furniture","7":"product_cat-bedroom-beds","9":"first","10":"instock","11":"purchasable","12":"product-type-simple"},"_links":{"self":[{"href":"https:\/\/baldumarket.lt\/lt\/wp-json\/wp\/v2\/product\/293846","targetHints":{"allow":["GET"]}}],"collection":[{"href":"https:\/\/baldumarket.lt\/lt\/wp-json\/wp\/v2\/product"}],"about":[{"href":"https:\/\/baldumarket.lt\/lt\/wp-json\/wp\/v2\/types\/product"}],"replies":[{"embeddable":true,"href":"https:\/\/baldumarket.lt\/lt\/wp-json\/wp\/v2\/comments?post=293846"}],"wp:featuredmedia":[{"embeddable":true,"href":"https:\/\/baldumarket.lt\/lt\/wp-json\/wp\/v2\/media\/293847"}],"wp:attachment":[{"href":"https:\/\/baldumarket.lt\/lt\/wp-json\/wp\/v2\/media?parent=293846"}],"wp:term":[{"taxonomy":"product_brand","embeddable":true,"href":"https:\/\/baldumarket.lt\/lt\/wp-json\/wp\/v2\/product_brand?post=293846"},{"taxonomy":"product_cat","embeddable":true,"href":"https:\/\/baldumarket.lt\/lt\/wp-json\/wp\/v2\/product_cat?post=293846"},{"taxonomy":"product_tag","embeddable":true,"href":"https:\/\/baldumarket.lt\/lt\/wp-json\/wp\/v2\/product_tag?post=293846"}],"curies":[{"name":"wp","href":"https:\/\/api.w.org\/{rel}","templated":true}]}}