{"id":293731,"date":"2026-01-15T16:08:41","date_gmt":"2026-01-15T13:08:41","guid":{"rendered":"https:\/\/baldumarket.lt\/product\/stolik-kawowy-sven-115x65-artisan-czarny-mat-adrk\/"},"modified":"2026-02-11T18:15:26","modified_gmt":"2026-02-11T15:15:26","slug":"stolik-kawowy-sven-115x65-artisan-czarny-mat-adrk","status":"publish","type":"product","link":"https:\/\/baldumarket.lt\/lt\/product\/stolik-kawowy-sven-115x65-artisan-czarny-mat-adrk\/","title":{"rendered":"SVEN kavos staliukas 115\u00d765 Artisan\/matin\u0117 juoda ADRK"},"content":{"rendered":"<p>Paprastos formos SVEN kavos staliukas dera tiek prie klasikinio, tiek prie modernaus interjero. D\u0117l papildomos apatin\u0117s lentynos jis yra prakti\u0161kas bet kokio interjero papildymas. Tai puiki vieta atsipalaiduoti su puodeliu kavos.<\/p>","protected":false},"excerpt":{"rendered":"<p>Plotis (cm): 115<br \/>\n\u016agis (cm): 51<br \/>\nGylis (cm): 65<br \/>\nAsambl\u0117ja<br \/>\nSavaranki\u0161kas surinkimas<br \/>\nProdukto svoris [kg]: 18,2<br \/>\nStalvir\u0161io forma<br \/>\nSta\u010diakampis<\/p>","protected":false},"featured_media":293732,"comment_status":"open","ping_status":"open","template":"","meta":[],"product_brand":[],"product_cat":[9201,866],"product_tag":[],"class_list":{"0":"post-293731","1":"product","2":"type-product","3":"status-publish","4":"has-post-thumbnail","6":"product_cat-adrk-furniture","7":"product_cat-coffee-tables","9":"first","10":"instock","11":"purchasable","12":"product-type-simple"},"_links":{"self":[{"href":"https:\/\/baldumarket.lt\/lt\/wp-json\/wp\/v2\/product\/293731","targetHints":{"allow":["GET"]}}],"collection":[{"href":"https:\/\/baldumarket.lt\/lt\/wp-json\/wp\/v2\/product"}],"about":[{"href":"https:\/\/baldumarket.lt\/lt\/wp-json\/wp\/v2\/types\/product"}],"replies":[{"embeddable":true,"href":"https:\/\/baldumarket.lt\/lt\/wp-json\/wp\/v2\/comments?post=293731"}],"wp:featuredmedia":[{"embeddable":true,"href":"https:\/\/baldumarket.lt\/lt\/wp-json\/wp\/v2\/media\/293732"}],"wp:attachment":[{"href":"https:\/\/baldumarket.lt\/lt\/wp-json\/wp\/v2\/media?parent=293731"}],"wp:term":[{"taxonomy":"product_brand","embeddable":true,"href":"https:\/\/baldumarket.lt\/lt\/wp-json\/wp\/v2\/product_brand?post=293731"},{"taxonomy":"product_cat","embeddable":true,"href":"https:\/\/baldumarket.lt\/lt\/wp-json\/wp\/v2\/product_cat?post=293731"},{"taxonomy":"product_tag","embeddable":true,"href":"https:\/\/baldumarket.lt\/lt\/wp-json\/wp\/v2\/product_tag?post=293731"}],"curies":[{"name":"wp","href":"https:\/\/api.w.org\/{rel}","templated":true}]}}