{"id":293621,"date":"2026-01-15T16:07:07","date_gmt":"2026-01-15T13:07:07","guid":{"rendered":"https:\/\/baldumarket.lt\/product\/krzeslo-drewniane-k34-olcha-adrk\/"},"modified":"2026-02-11T18:15:28","modified_gmt":"2026-02-11T15:15:28","slug":"krzeslo-drewniane-k34-olcha-adrk","status":"publish","type":"product","link":"https:\/\/baldumarket.lt\/lt\/product\/krzeslo-drewniane-k34-olcha-adrk\/","title":{"rendered":"Medin\u0117 k\u0117d\u0117 K34 Alksnis ADRK"},"content":{"rendered":"<p>Medin\u0117 k\u0117d\u0117 K34 \u2013 tai unikalios formos baldas. Pailgintas atlo\u0161as suteikia jam i\u0161skirtin\u0119 i\u0161vaizd\u0105. Patogus, kont\u016bruotas atlo\u0161as ir didel\u0117, mink\u0161ta s\u0117dyn\u0117 padidina komfort\u0105. Nesenstantis k\u0117d\u0117s dizainas puikiai dera prie bet kokio interjero. K\u0117d\u0119 galima \u012fsigyti su \u012fvairiais apmu\u0161alais ir med\u017eio beicais. Pasirinkite norim\u0105 spalv\u0105 ir audini\u0173 kolekcij\u0105 ir susikurkite savo svajoni\u0173 k\u0117d\u0119. K34 k\u0117d\u0119 galite \u012fsigyti atskirai arba kaip komplekt\u0105 su stalu. Raginame susipa\u017einti su RODOS 14 komplektu.<\/p>","protected":false},"excerpt":{"rendered":"<p>Plotis (cm): 46<br \/>\n\u016agis (cm): 98<br \/>\nGylis (cm): 44<br \/>\nAsambl\u0117ja<br \/>\nSavaranki\u0161kas surinkimas<br \/>\nProdukto svoris [kg]: 7<\/p>","protected":false},"featured_media":293622,"comment_status":"open","ping_status":"open","template":"","meta":[],"product_brand":[],"product_cat":[9201,1930],"product_tag":[],"class_list":{"0":"post-293621","1":"product","2":"type-product","3":"status-publish","4":"has-post-thumbnail","6":"product_cat-adrk-furniture","7":"product_cat-chairs","9":"first","10":"instock","11":"purchasable","12":"product-type-simple"},"_links":{"self":[{"href":"https:\/\/baldumarket.lt\/lt\/wp-json\/wp\/v2\/product\/293621","targetHints":{"allow":["GET"]}}],"collection":[{"href":"https:\/\/baldumarket.lt\/lt\/wp-json\/wp\/v2\/product"}],"about":[{"href":"https:\/\/baldumarket.lt\/lt\/wp-json\/wp\/v2\/types\/product"}],"replies":[{"embeddable":true,"href":"https:\/\/baldumarket.lt\/lt\/wp-json\/wp\/v2\/comments?post=293621"}],"wp:featuredmedia":[{"embeddable":true,"href":"https:\/\/baldumarket.lt\/lt\/wp-json\/wp\/v2\/media\/293622"}],"wp:attachment":[{"href":"https:\/\/baldumarket.lt\/lt\/wp-json\/wp\/v2\/media?parent=293621"}],"wp:term":[{"taxonomy":"product_brand","embeddable":true,"href":"https:\/\/baldumarket.lt\/lt\/wp-json\/wp\/v2\/product_brand?post=293621"},{"taxonomy":"product_cat","embeddable":true,"href":"https:\/\/baldumarket.lt\/lt\/wp-json\/wp\/v2\/product_cat?post=293621"},{"taxonomy":"product_tag","embeddable":true,"href":"https:\/\/baldumarket.lt\/lt\/wp-json\/wp\/v2\/product_tag?post=293621"}],"curies":[{"name":"wp","href":"https:\/\/api.w.org\/{rel}","templated":true}]}}