{"id":293514,"date":"2026-01-15T16:05:39","date_gmt":"2026-01-15T13:05:39","guid":{"rendered":"https:\/\/baldumarket.lt\/product\/stol-rodos-38-lefkas-adrk\/"},"modified":"2026-02-11T18:15:31","modified_gmt":"2026-02-11T15:15:31","slug":"stol-rodos-38-lefkas-adrk","status":"publish","type":"product","link":"https:\/\/baldumarket.lt\/lt\/product\/stol-rodos-38-lefkas-adrk\/","title":{"rendered":"RODOS stalas 38 Lefkas ADRK"},"content":{"rendered":"<p>RODOS 38 stalas su kvadratiniu stalvir\u0161iu puikiai tiks j\u016bs\u0173 valgomajam. Jo paprastos formos d\u0117ka patogiai sus\u0117s keturi \u017emon\u0117s. D\u0117l plataus spalv\u0173 pasirinkimo jis tiks bet kokiam interjerui.<\/p>","protected":false},"excerpt":{"rendered":"<p>Plotis (cm): 80<br \/>\n\u016agis (cm): 75<br \/>\nGylis (cm): 80<br \/>\nAsambl\u0117ja<br \/>\nSavaranki\u0161kas surinkimas<br \/>\nProdukto svoris [kg]: 25<br \/>\nStalvir\u0161io forma<br \/>\nKvadratas<\/p>","protected":false},"featured_media":293515,"comment_status":"open","ping_status":"open","template":"","meta":[],"product_brand":[],"product_cat":[9201,1934],"product_tag":[],"class_list":{"0":"post-293514","1":"product","2":"type-product","3":"status-publish","4":"has-post-thumbnail","6":"product_cat-adrk-furniture","7":"product_cat-tables","9":"first","10":"instock","11":"purchasable","12":"product-type-simple"},"_links":{"self":[{"href":"https:\/\/baldumarket.lt\/lt\/wp-json\/wp\/v2\/product\/293514","targetHints":{"allow":["GET"]}}],"collection":[{"href":"https:\/\/baldumarket.lt\/lt\/wp-json\/wp\/v2\/product"}],"about":[{"href":"https:\/\/baldumarket.lt\/lt\/wp-json\/wp\/v2\/types\/product"}],"replies":[{"embeddable":true,"href":"https:\/\/baldumarket.lt\/lt\/wp-json\/wp\/v2\/comments?post=293514"}],"wp:featuredmedia":[{"embeddable":true,"href":"https:\/\/baldumarket.lt\/lt\/wp-json\/wp\/v2\/media\/293515"}],"wp:attachment":[{"href":"https:\/\/baldumarket.lt\/lt\/wp-json\/wp\/v2\/media?parent=293514"}],"wp:term":[{"taxonomy":"product_brand","embeddable":true,"href":"https:\/\/baldumarket.lt\/lt\/wp-json\/wp\/v2\/product_brand?post=293514"},{"taxonomy":"product_cat","embeddable":true,"href":"https:\/\/baldumarket.lt\/lt\/wp-json\/wp\/v2\/product_cat?post=293514"},{"taxonomy":"product_tag","embeddable":true,"href":"https:\/\/baldumarket.lt\/lt\/wp-json\/wp\/v2\/product_tag?post=293514"}],"curies":[{"name":"wp","href":"https:\/\/api.w.org\/{rel}","templated":true}]}}