{"id":293509,"date":"2026-01-15T16:05:32","date_gmt":"2026-01-15T13:05:32","guid":{"rendered":"https:\/\/baldumarket.lt\/product\/zestaw-stol-z-krzeslami-rodos-38-ciemny-orzech-adrk\/"},"modified":"2026-02-11T18:15:31","modified_gmt":"2026-02-11T15:15:31","slug":"zestaw-stol-z-krzeslami-rodos-38-ciemny-orzech-adrk","status":"publish","type":"product","link":"https:\/\/baldumarket.lt\/lt\/product\/zestaw-stol-z-krzeslami-rodos-38-ciemny-orzech-adrk\/","title":{"rendered":"RODOS 38 Tamsaus rie\u0161uto spalvos ADRK stalo ir k\u0117d\u017ei\u0173 komplektas"},"content":{"rendered":"<p>RODOS 38 komplektas \u2013 puikus sprendimas klasikiniam, ma\u017eam valgomajam. Komplekt\u0105 sudaro tvirtas stalas ir keturios patogios k\u0117d\u0117s. Paprastos formos ir kvadratinio stalvir\u0161io stalas patogiai sus\u0117s keturiems \u017emon\u0117ms. Baldai yra eleganti\u0161ki ir patog\u016bs. I\u0161sirinkite norim\u0105 spalv\u0173 ir audini\u0173 kolekcij\u0105 ir susikurkite savo svajoni\u0173 komplekt\u0105.<\/p>","protected":false},"excerpt":{"rendered":"<p>Plotis (cm): 80<br \/>\n\u016agis (cm): 98<br \/>\nGylis (cm): 80<br \/>\nAsambl\u0117ja<br \/>\nSavaranki\u0161kas surinkimas<br \/>\nProdukto svoris [kg]: 53<\/p>","protected":false},"featured_media":293510,"comment_status":"open","ping_status":"open","template":"","meta":[],"product_brand":[],"product_cat":[9201,9121],"product_tag":[],"class_list":{"0":"post-293509","1":"product","2":"type-product","3":"status-publish","4":"has-post-thumbnail","6":"product_cat-adrk-furniture","7":"product_cat-table-sets","9":"first","10":"instock","11":"purchasable","12":"product-type-simple"},"_links":{"self":[{"href":"https:\/\/baldumarket.lt\/lt\/wp-json\/wp\/v2\/product\/293509","targetHints":{"allow":["GET"]}}],"collection":[{"href":"https:\/\/baldumarket.lt\/lt\/wp-json\/wp\/v2\/product"}],"about":[{"href":"https:\/\/baldumarket.lt\/lt\/wp-json\/wp\/v2\/types\/product"}],"replies":[{"embeddable":true,"href":"https:\/\/baldumarket.lt\/lt\/wp-json\/wp\/v2\/comments?post=293509"}],"wp:featuredmedia":[{"embeddable":true,"href":"https:\/\/baldumarket.lt\/lt\/wp-json\/wp\/v2\/media\/293510"}],"wp:attachment":[{"href":"https:\/\/baldumarket.lt\/lt\/wp-json\/wp\/v2\/media?parent=293509"}],"wp:term":[{"taxonomy":"product_brand","embeddable":true,"href":"https:\/\/baldumarket.lt\/lt\/wp-json\/wp\/v2\/product_brand?post=293509"},{"taxonomy":"product_cat","embeddable":true,"href":"https:\/\/baldumarket.lt\/lt\/wp-json\/wp\/v2\/product_cat?post=293509"},{"taxonomy":"product_tag","embeddable":true,"href":"https:\/\/baldumarket.lt\/lt\/wp-json\/wp\/v2\/product_tag?post=293509"}],"curies":[{"name":"wp","href":"https:\/\/api.w.org\/{rel}","templated":true}]}}