{"id":293504,"date":"2026-01-15T16:05:28","date_gmt":"2026-01-15T13:05:28","guid":{"rendered":"https:\/\/baldumarket.lt\/product\/krzeslo-drewniane-k67-ciemny-orzech-adrk\/"},"modified":"2026-02-11T18:15:31","modified_gmt":"2026-02-11T15:15:31","slug":"krzeslo-drewniane-k67-ciemny-orzech-adrk","status":"publish","type":"product","link":"https:\/\/baldumarket.lt\/lt\/product\/krzeslo-drewniane-k67-ciemny-orzech-adrk\/","title":{"rendered":"K67 Medin\u0117 k\u0117d\u0117 Tamsus rie\u0161utmedis ADRK"},"content":{"rendered":"<p>Medin\u0117 k\u0117d\u0117 K67 \u2013 tai klasikinis, paprastas baldas. Patogiai i\u0161lenktas atlo\u0161as ir didel\u0117, mink\u0161ta s\u0117dyn\u0117 padidina komfort\u0105. Nesenstantis \u0161ios k\u0117d\u0117s dizainas puikiai dera prie bet kokio interjero. Galima rinktis i\u0161 \u012fvairi\u0173 apmu\u0161al\u0173 ir med\u017eio apdailos variant\u0173 \u2013 i\u0161sirinkite norim\u0105 spalv\u0105 ir audini\u0173 kolekcij\u0105 ir susikurkite savo svajoni\u0173 k\u0117d\u0119. K67 k\u0117d\u0119 galite \u012fsigyti atskirai arba kaip komplekt\u0105 su stalu. Raginame susipa\u017einti su RODOS 38 komplektu.<\/p>","protected":false},"excerpt":{"rendered":"<p>Plotis (cm): 43<br \/>\n\u016agis (cm): 98<br \/>\nAsambl\u0117ja<br \/>\nSavaranki\u0161kas surinkimas<br \/>\nProdukto svoris [kg]: 7<\/p>","protected":false},"featured_media":293505,"comment_status":"open","ping_status":"open","template":"","meta":[],"product_brand":[],"product_cat":[9201,1930],"product_tag":[],"class_list":{"0":"post-293504","1":"product","2":"type-product","3":"status-publish","4":"has-post-thumbnail","6":"product_cat-adrk-furniture","7":"product_cat-chairs","9":"first","10":"instock","11":"purchasable","12":"product-type-simple"},"_links":{"self":[{"href":"https:\/\/baldumarket.lt\/lt\/wp-json\/wp\/v2\/product\/293504","targetHints":{"allow":["GET"]}}],"collection":[{"href":"https:\/\/baldumarket.lt\/lt\/wp-json\/wp\/v2\/product"}],"about":[{"href":"https:\/\/baldumarket.lt\/lt\/wp-json\/wp\/v2\/types\/product"}],"replies":[{"embeddable":true,"href":"https:\/\/baldumarket.lt\/lt\/wp-json\/wp\/v2\/comments?post=293504"}],"wp:featuredmedia":[{"embeddable":true,"href":"https:\/\/baldumarket.lt\/lt\/wp-json\/wp\/v2\/media\/293505"}],"wp:attachment":[{"href":"https:\/\/baldumarket.lt\/lt\/wp-json\/wp\/v2\/media?parent=293504"}],"wp:term":[{"taxonomy":"product_brand","embeddable":true,"href":"https:\/\/baldumarket.lt\/lt\/wp-json\/wp\/v2\/product_brand?post=293504"},{"taxonomy":"product_cat","embeddable":true,"href":"https:\/\/baldumarket.lt\/lt\/wp-json\/wp\/v2\/product_cat?post=293504"},{"taxonomy":"product_tag","embeddable":true,"href":"https:\/\/baldumarket.lt\/lt\/wp-json\/wp\/v2\/product_tag?post=293504"}],"curies":[{"name":"wp","href":"https:\/\/api.w.org\/{rel}","templated":true}]}}