{"id":29329,"date":"2025-11-14T19:25:40","date_gmt":"2025-11-14T16:25:40","guid":{"rendered":"https:\/\/baldumarket.lt\/product\/gerbinie-l-80x80x2cm\/"},"modified":"2026-03-24T18:17:48","modified_gmt":"2026-03-24T15:17:48","slug":"gerbinie-l-80x80x2cm","status":"publish","type":"product","link":"https:\/\/baldumarket.lt\/lt\/product\/gerbinie-l-80x80x2cm\/","title":{"rendered":"Gerbina L, 80x80x2cm"},"content":{"rendered":"<p>\u201eGerbinie L\u201c \u2013 \u012fsp\u016bdingas \u0161vie\u010diantis veidrodis, kuris \u017eavi savo dizainu ir funkcionalumu. 80 cm x 80 cm dyd\u017eio ir 2 cm gylio \u0161is veidrodis ne tik puikiai ap\u0161vie\u010dia, bet ir sukuria erdv\u0117s poj\u016bt\u012f. Apvalus r\u0117mas su auksine apdaila suteikia elegancijos ir prabangos, tod\u0117l jis yra ne tik prakti\u0161kas, bet ir esteti\u0161kai patrauklus dekoratyvinis elementas j\u016bs\u0173 interjere. Auksinis r\u0117mas yra ne tik gra\u017eus, bet ir tvirtos konstrukcijos, u\u017etikrinantis, kad veidrodis tarnaus ilgus metus. \u201eGerbinie L\u201c turi IP45 apsaugos lyg\u012f, o tai rei\u0161kia, kad jis yra atsparus dulk\u0117ms ir dr\u0117gmei. J\u012f galite lengvai pastatyti vonios kambaryje, kur jis i\u0161laikys puiki\u0105 i\u0161vaizd\u0105 ir suteiks kambariui \u017eavesio. \u0160is veidrodis naudoja energij\u0105 taupant\u012f 15 W LED \u0161viesos \u0161altin\u012f, u\u017etikrinant\u012f ry\u0161k\u0173 ir tolyg\u0173 ap\u0161vietim\u0105. J\u012f maitina specialus \u201eLED Slim\u201c maitinimo \u0161altinis, kuris ne tik saugo aplink\u0105, bet ir padeda sutaupyti elektros energijos s\u0105skaitas. Rinkinyje yra viskas, ko reikia norint lengvai pakabinti veidrod\u012f, \u012fskaitant ki\u0161tukus, var\u017etus ir kabliukus. Veidrodis sveria 8,2 kg, o jo matmenys \u2013 85 cm x 85 cm x 6 cm, tod\u0117l j\u012f lengva transportuoti ir surinkti. \u201eGerbinie L\u201c veidrod\u017eiai yra ne tik \u0161vie\u010diantys veidrod\u017eiai; jie taip pat yra unikalus interjero dizaino elementas, suteikiantis presti\u017eo ir elegancijos. \u0160is veidrodis suteiks j\u016bs\u0173 namams unikalaus \u017eavesio ir modernumo.<\/p>","protected":false},"excerpt":{"rendered":"<p>\u201eGerbinie L\u201c \u2013 \u012fsp\u016bdingas \u0161vie\u010diantis veidrodis, kuris \u017eavi savo dizainu ir funkcionalumu. 80 cm x 80 cm dyd\u017eio ir 2 cm gylio \u0161is veidrodis ne tik puikiai ap\u0161vie\u010dia, bet ir sukuria erdv\u0117s poj\u016bt\u012f. Apvalus r\u0117mas su auksine apdaila suteikia elegancijos ir prabangos, tod\u0117l jis ne tik [\u2026]<\/p>","protected":false},"featured_media":29330,"comment_status":"open","ping_status":"open","template":"","meta":[],"product_brand":[],"product_cat":[2012,9165,1234],"product_tag":[],"class_list":{"0":"post-29329","1":"product","2":"type-product","3":"status-publish","4":"has-post-thumbnail","6":"product_cat-eltap","7":"product_cat-lustra-eltap","8":"product_cat-mirrors-with-lighting","10":"first","11":"instock","12":"purchasable","13":"product-type-simple"},"_links":{"self":[{"href":"https:\/\/baldumarket.lt\/lt\/wp-json\/wp\/v2\/product\/29329","targetHints":{"allow":["GET"]}}],"collection":[{"href":"https:\/\/baldumarket.lt\/lt\/wp-json\/wp\/v2\/product"}],"about":[{"href":"https:\/\/baldumarket.lt\/lt\/wp-json\/wp\/v2\/types\/product"}],"replies":[{"embeddable":true,"href":"https:\/\/baldumarket.lt\/lt\/wp-json\/wp\/v2\/comments?post=29329"}],"wp:featuredmedia":[{"embeddable":true,"href":"https:\/\/baldumarket.lt\/lt\/wp-json\/wp\/v2\/media\/29330"}],"wp:attachment":[{"href":"https:\/\/baldumarket.lt\/lt\/wp-json\/wp\/v2\/media?parent=29329"}],"wp:term":[{"taxonomy":"product_brand","embeddable":true,"href":"https:\/\/baldumarket.lt\/lt\/wp-json\/wp\/v2\/product_brand?post=29329"},{"taxonomy":"product_cat","embeddable":true,"href":"https:\/\/baldumarket.lt\/lt\/wp-json\/wp\/v2\/product_cat?post=29329"},{"taxonomy":"product_tag","embeddable":true,"href":"https:\/\/baldumarket.lt\/lt\/wp-json\/wp\/v2\/product_tag?post=29329"}],"curies":[{"name":"wp","href":"https:\/\/api.w.org\/{rel}","templated":true}]}}