{"id":293207,"date":"2026-01-15T16:01:35","date_gmt":"2026-01-15T13:01:35","guid":{"rendered":"https:\/\/baldumarket.lt\/product\/zestaw-stol-z-krzeslami-rodos-59-sonoma-adrk\/"},"modified":"2026-02-11T18:15:37","modified_gmt":"2026-02-11T15:15:37","slug":"zestaw-stol-z-krzeslami-rodos-59-sonoma-adrk","status":"publish","type":"product","link":"https:\/\/baldumarket.lt\/lt\/product\/zestaw-stol-z-krzeslami-rodos-59-sonoma-adrk\/","title":{"rendered":"RODOS 59 Sonoma ADRK stalo ir k\u0117d\u017ei\u0173 komplektas"},"content":{"rendered":"<p>RODOS 59 komplektas \u2013 puikus sprendimas klasikiniam valgomajam. Komplekt\u0105 sudaro tvirtas stalas ir \u0161e\u0161ios patogios k\u0117d\u0117s. Prie paprasto stalo patogiai telpa \u0161e\u0161i \u017emon\u0117s. Baldai yra eleganti\u0161ki ir patog\u016bs. I\u0161sirinkite norim\u0105 spalv\u0173 ir audini\u0173 kolekcij\u0105 ir susikurkite savo svajoni\u0173 komplekt\u0105.<\/p>","protected":false},"excerpt":{"rendered":"<p>Plotis (cm): 80<br \/>\n\u016agis (cm): 98<br \/>\nGylis (cm): 140<br \/>\nAsambl\u0117ja<br \/>\nSavaranki\u0161kas surinkimas<br \/>\nProdukto svoris [kg]: 77<\/p>","protected":false},"featured_media":293208,"comment_status":"open","ping_status":"open","template":"","meta":[],"product_brand":[],"product_cat":[9201,9121],"product_tag":[],"class_list":{"0":"post-293207","1":"product","2":"type-product","3":"status-publish","4":"has-post-thumbnail","6":"product_cat-adrk-furniture","7":"product_cat-table-sets","9":"first","10":"instock","11":"purchasable","12":"product-type-simple"},"_links":{"self":[{"href":"https:\/\/baldumarket.lt\/lt\/wp-json\/wp\/v2\/product\/293207","targetHints":{"allow":["GET"]}}],"collection":[{"href":"https:\/\/baldumarket.lt\/lt\/wp-json\/wp\/v2\/product"}],"about":[{"href":"https:\/\/baldumarket.lt\/lt\/wp-json\/wp\/v2\/types\/product"}],"replies":[{"embeddable":true,"href":"https:\/\/baldumarket.lt\/lt\/wp-json\/wp\/v2\/comments?post=293207"}],"wp:featuredmedia":[{"embeddable":true,"href":"https:\/\/baldumarket.lt\/lt\/wp-json\/wp\/v2\/media\/293208"}],"wp:attachment":[{"href":"https:\/\/baldumarket.lt\/lt\/wp-json\/wp\/v2\/media?parent=293207"}],"wp:term":[{"taxonomy":"product_brand","embeddable":true,"href":"https:\/\/baldumarket.lt\/lt\/wp-json\/wp\/v2\/product_brand?post=293207"},{"taxonomy":"product_cat","embeddable":true,"href":"https:\/\/baldumarket.lt\/lt\/wp-json\/wp\/v2\/product_cat?post=293207"},{"taxonomy":"product_tag","embeddable":true,"href":"https:\/\/baldumarket.lt\/lt\/wp-json\/wp\/v2\/product_tag?post=293207"}],"curies":[{"name":"wp","href":"https:\/\/api.w.org\/{rel}","templated":true}]}}