{"id":29320,"date":"2025-11-14T19:25:25","date_gmt":"2025-11-14T16:25:25","guid":{"rendered":"https:\/\/baldumarket.lt\/product\/gerbinie-l-60x60x2cm\/"},"modified":"2026-03-24T18:17:48","modified_gmt":"2026-03-24T15:17:48","slug":"gerbinie-l-60x60x2cm","status":"publish","type":"product","link":"https:\/\/baldumarket.lt\/lt\/product\/gerbinie-l-60x60x2cm\/","title":{"rendered":"Gerbina L, 60x60x2cm"},"content":{"rendered":"<p>\u201eGerbinie L\u201c \u2013 unikalus \u0161vie\u010diantis veidrodis, kuris jus d\u017eiugins savo elegancija ir funkcionalumu. 60 cm x 60 cm dyd\u017eio ir 2 cm gylio veidrodis puikiai tiks \u012fvairiose erdv\u0117se. Apvalus r\u0117mas su auksine apdaila suteikia jam prabangos ir yra dizainerio stiliaus dekoratyvinis elementas j\u016bs\u0173 interjere. \u0160is auksinis r\u0117mas yra ne tik esteti\u0161kai patrauklus, bet ir patvarus, u\u017etikrinantis ilgalaik\u012f naudojim\u0105. \u201eGerbinie L\u201c turi IP45 apsaugos lyg\u012f, o tai rei\u0161kia, kad jis yra atsparus dulk\u0117ms ir dr\u0117gmei. Tai rei\u0161kia, kad j\u012f galite saugiai pastatyti vonios kambaryje ar kituose dr\u0117gnuose kambariuose, i\u0161laikant nepriekai\u0161ting\u0105 i\u0161vaizd\u0105. \u0160is veidrodis apr\u016bpintas energij\u0105 taupan\u010diu 15 W LED \u0161viesos \u0161altiniu, u\u017etikrinan\u010diu ry\u0161k\u0173 ir tolyg\u0173 ap\u0161vietim\u0105. J\u012f maitina specialus \u201eLED Slim\u201c maitinimo \u0161altinis, tod\u0117l jis yra draugi\u0161kas aplinkai ir padeda taupyti energij\u0105. Rinkinyje yra viskas, ko reikia norint lengvai ir be vargo pakabinti veidrod\u012f, \u012fskaitant kai\u0161\u010dius, var\u017etus ir kabliukus. Veidrodis sveria 7,5 kg, o jo matmenys \u2013 67,8 cm x 71 cm x 8 cm, tod\u0117l j\u012f lengva transportuoti ir montuoti. \u201eGerbinie L\u201c yra ne tik veidrodis su ap\u0161vietimu, bet ir unikalus dizaino elementas, kuris j\u016bs\u0173 interjerui suteiks rafinuotumo ir elegancijos.<\/p>","protected":false},"excerpt":{"rendered":"<p>\u201eGerbinie L\u201c \u2013 tai unikalus \u0161vie\u010diantis veidrodis, kuris jus su\u017eav\u0117s savo elegancija ir funkcionalumu. Jo matmenys \u2013 60 cm x 60 cm, o gylis \u2013 2 cm, tod\u0117l jis puikiai tiks \u012fvairiose erdv\u0117se. Apvalus r\u0117melis su auksine apdaila suteikia jam prabangos ir [\u2026]<\/p>","protected":false},"featured_media":29321,"comment_status":"open","ping_status":"open","template":"","meta":[],"product_brand":[],"product_cat":[2012,9165,1234],"product_tag":[],"class_list":{"0":"post-29320","1":"product","2":"type-product","3":"status-publish","4":"has-post-thumbnail","6":"product_cat-eltap","7":"product_cat-lustra-eltap","8":"product_cat-mirrors-with-lighting","10":"first","11":"instock","12":"purchasable","13":"product-type-simple"},"_links":{"self":[{"href":"https:\/\/baldumarket.lt\/lt\/wp-json\/wp\/v2\/product\/29320","targetHints":{"allow":["GET"]}}],"collection":[{"href":"https:\/\/baldumarket.lt\/lt\/wp-json\/wp\/v2\/product"}],"about":[{"href":"https:\/\/baldumarket.lt\/lt\/wp-json\/wp\/v2\/types\/product"}],"replies":[{"embeddable":true,"href":"https:\/\/baldumarket.lt\/lt\/wp-json\/wp\/v2\/comments?post=29320"}],"wp:featuredmedia":[{"embeddable":true,"href":"https:\/\/baldumarket.lt\/lt\/wp-json\/wp\/v2\/media\/29321"}],"wp:attachment":[{"href":"https:\/\/baldumarket.lt\/lt\/wp-json\/wp\/v2\/media?parent=29320"}],"wp:term":[{"taxonomy":"product_brand","embeddable":true,"href":"https:\/\/baldumarket.lt\/lt\/wp-json\/wp\/v2\/product_brand?post=29320"},{"taxonomy":"product_cat","embeddable":true,"href":"https:\/\/baldumarket.lt\/lt\/wp-json\/wp\/v2\/product_cat?post=29320"},{"taxonomy":"product_tag","embeddable":true,"href":"https:\/\/baldumarket.lt\/lt\/wp-json\/wp\/v2\/product_tag?post=29320"}],"curies":[{"name":"wp","href":"https:\/\/api.w.org\/{rel}","templated":true}]}}