{"id":29319,"date":"2025-11-14T19:25:13","date_gmt":"2025-11-14T16:25:13","guid":{"rendered":"https:\/\/baldumarket.lt\/product\/gerbinie-a-80x80x2cm\/"},"modified":"2026-03-24T18:17:48","modified_gmt":"2026-03-24T15:17:48","slug":"gerbinie-a-80x80x2cm","status":"publish","type":"product","link":"https:\/\/baldumarket.lt\/lt\/product\/gerbinie-a-80x80x2cm\/","title":{"rendered":"Gerbina A, 80x80x2cm"},"content":{"rendered":"<p>\u201eGerbinie A\u201c \u2013 tai \u012fsp\u016bdingi \u0161vie\u010diantys veidrod\u017eiai, i\u0161siskiriantys didingu dizainu ir i\u0161skirtiniu funkcionalumu. \u012esp\u016bdingi matmenys \u2013 80 cm plo\u010dio, 80 cm auk\u0161\u010dio ir 2 cm gylio \u2013 suteikia jiems ry\u0161kumo ir erdv\u0117s poj\u016bt\u012f. \u0160ie veidrod\u017eiai pasi\u017eymi apvaliu r\u0117mu su eleganti\u0161ka auksine apdaila, suteikian\u010diu jiems ne tik stiliaus, bet ir prabangos poj\u016bt\u012f. \u0160is auksinis r\u0117mas yra ne tik esteti\u0161kai patrauklus, bet ir tvirtos konstrukcijos, u\u017etikrinan\u010dios, kad veidrodis tarnaus ilgus metus. \u201eGerbinie A\u201c gali pasigirti IP45 atsparumu, o tai rei\u0161kia, kad jis yra atsparus dulk\u0117ms ir dr\u0117gmei. Tai rei\u0161kia, kad juos galite saugiai pastatyti vonios kambaryje ar kituose dr\u0117gnuose kambariuose, i\u0161laikant nepriekai\u0161ting\u0105 i\u0161vaizd\u0105. \u0160ie veidrod\u017eiai apr\u016bpinti energij\u0105 taupan\u010diu LED \u0161viesos \u0161altiniu, kurio \u012fsp\u016bdinga galia \u2013 15 W. Juos maitina specialus \u201eSlim LED\u201c maitinimo \u0161altinis, kuris ne tik u\u017etikrina ry\u0161k\u0173 ir tolyg\u0173 ap\u0161vietim\u0105, bet ir padeda taupyti elektros energij\u0105. Rinkinyje yra viskas, ko reikia norint lengvai pakabinti veidrod\u012f, \u012fskaitant kai\u0161\u010dius, var\u017etus ir kabliukus. Veidrod\u017eiai sveria 8,2 kg, o j\u0173 pakuot\u0117s matmenys yra 85 cm x 85 cm x 6 cm, tod\u0117l juos lengva transportuoti ir surinkti. \u201eGerbinie A\u201c veidrod\u017eiai yra ne tik veidrod\u017eiai su ap\u0161vietimu, bet ir unikal\u016bs dekoratyviniai elementai, suteikiantys j\u016bs\u0173 interjerui presti\u017eo ir elegancijos. Su \u0161iais veidrod\u017eiais galite sukurti ne tik funkcional\u0173, bet ir \u012fsp\u016bding\u0105 ap\u0161vietim\u0105, kuris suteiks j\u016bs\u0173 interjerui unikalaus charakterio ir \u017eavesio.<\/p>","protected":false},"excerpt":{"rendered":"<p>\u201eGerbinie A\u201c \u2013 tai \u012fsp\u016bdingi \u0161vie\u010diantys veidrod\u017eiai, i\u0161siskiriantys didingu dizainu ir i\u0161skirtiniu funkcionalumu. \u012esp\u016bdingi matmenys \u2013 80 cm plo\u010dio, 80 cm auk\u0161\u010dio ir 2 cm gylio \u2013 suteikia jiems ry\u0161kumo ir erdv\u0117s poj\u016bt\u012f. \u0160ie veidrod\u017eiai pasi\u017eymi apvaliu r\u0117mu su eleganti\u0161ka aukso apdaila, tod\u0117l jie n\u0117ra [\u2026]<\/p>","protected":false},"featured_media":29310,"comment_status":"open","ping_status":"open","template":"","meta":[],"product_brand":[],"product_cat":[2012,9165,1234],"product_tag":[],"class_list":{"0":"post-29319","1":"product","2":"type-product","3":"status-publish","4":"has-post-thumbnail","6":"product_cat-eltap","7":"product_cat-lustra-eltap","8":"product_cat-mirrors-with-lighting","10":"first","11":"instock","12":"purchasable","13":"product-type-simple"},"_links":{"self":[{"href":"https:\/\/baldumarket.lt\/lt\/wp-json\/wp\/v2\/product\/29319","targetHints":{"allow":["GET"]}}],"collection":[{"href":"https:\/\/baldumarket.lt\/lt\/wp-json\/wp\/v2\/product"}],"about":[{"href":"https:\/\/baldumarket.lt\/lt\/wp-json\/wp\/v2\/types\/product"}],"replies":[{"embeddable":true,"href":"https:\/\/baldumarket.lt\/lt\/wp-json\/wp\/v2\/comments?post=29319"}],"wp:featuredmedia":[{"embeddable":true,"href":"https:\/\/baldumarket.lt\/lt\/wp-json\/wp\/v2\/media\/29310"}],"wp:attachment":[{"href":"https:\/\/baldumarket.lt\/lt\/wp-json\/wp\/v2\/media?parent=29319"}],"wp:term":[{"taxonomy":"product_brand","embeddable":true,"href":"https:\/\/baldumarket.lt\/lt\/wp-json\/wp\/v2\/product_brand?post=29319"},{"taxonomy":"product_cat","embeddable":true,"href":"https:\/\/baldumarket.lt\/lt\/wp-json\/wp\/v2\/product_cat?post=29319"},{"taxonomy":"product_tag","embeddable":true,"href":"https:\/\/baldumarket.lt\/lt\/wp-json\/wp\/v2\/product_tag?post=29319"}],"curies":[{"name":"wp","href":"https:\/\/api.w.org\/{rel}","templated":true}]}}