{"id":293130,"date":"2026-01-15T16:00:39","date_gmt":"2026-01-15T13:00:39","guid":{"rendered":"https:\/\/baldumarket.lt\/product\/szafka-na-buty-galineo-01-bialy-dab-naturalny-adrk\/"},"modified":"2026-02-11T18:15:38","modified_gmt":"2026-02-11T15:15:38","slug":"szafka-na-buty-galineo-01-bialy-dab-naturalny-adrk","status":"publish","type":"product","link":"https:\/\/baldumarket.lt\/lt\/product\/szafka-na-buty-galineo-01-bialy-dab-naturalny-adrk\/","title":{"rendered":"Bat\u0173 spintel\u0117 GALINEO 01 balta\/nat\u016bralus \u0105\u017euolas ADRK"},"content":{"rendered":"<p>GALINEO bat\u0173 spintel\u0117 yra auk\u0161ta prie\u0161kambario spintel\u0117, puikiai tinkanti batams laikyti. \u0160is stilingas dizainas puikiai der\u0117s prie kit\u0173 GALINEO sistemos element\u0173.<\/p>","protected":false},"excerpt":{"rendered":"<p>Plotis (cm): 97,5<br \/>\n\u016agis (cm): 110<br \/>\nGylis (cm): 27,5<br \/>\nSurinkimas: Savaranki\u0161kas surinkimas<br \/>\nProdukto svoris [kg]: 27<\/p>","protected":false},"featured_media":293131,"comment_status":"open","ping_status":"open","template":"","meta":[],"product_brand":[],"product_cat":[9201,1997],"product_tag":[],"class_list":{"0":"post-293130","1":"product","2":"type-product","3":"status-publish","4":"has-post-thumbnail","6":"product_cat-adrk-furniture","7":"product_cat-shoe-cabinets","9":"first","10":"instock","11":"purchasable","12":"product-type-simple"},"_links":{"self":[{"href":"https:\/\/baldumarket.lt\/lt\/wp-json\/wp\/v2\/product\/293130","targetHints":{"allow":["GET"]}}],"collection":[{"href":"https:\/\/baldumarket.lt\/lt\/wp-json\/wp\/v2\/product"}],"about":[{"href":"https:\/\/baldumarket.lt\/lt\/wp-json\/wp\/v2\/types\/product"}],"replies":[{"embeddable":true,"href":"https:\/\/baldumarket.lt\/lt\/wp-json\/wp\/v2\/comments?post=293130"}],"wp:featuredmedia":[{"embeddable":true,"href":"https:\/\/baldumarket.lt\/lt\/wp-json\/wp\/v2\/media\/293131"}],"wp:attachment":[{"href":"https:\/\/baldumarket.lt\/lt\/wp-json\/wp\/v2\/media?parent=293130"}],"wp:term":[{"taxonomy":"product_brand","embeddable":true,"href":"https:\/\/baldumarket.lt\/lt\/wp-json\/wp\/v2\/product_brand?post=293130"},{"taxonomy":"product_cat","embeddable":true,"href":"https:\/\/baldumarket.lt\/lt\/wp-json\/wp\/v2\/product_cat?post=293130"},{"taxonomy":"product_tag","embeddable":true,"href":"https:\/\/baldumarket.lt\/lt\/wp-json\/wp\/v2\/product_tag?post=293130"}],"curies":[{"name":"wp","href":"https:\/\/api.w.org\/{rel}","templated":true}]}}