{"id":293125,"date":"2026-01-15T16:00:35","date_gmt":"2026-01-15T13:00:35","guid":{"rendered":"https:\/\/baldumarket.lt\/product\/skrzynia-galineo-02-bialy-adrk-2\/"},"modified":"2026-02-11T18:15:39","modified_gmt":"2026-02-11T15:15:39","slug":"skrzynia-galineo-02-bialy-adrk-2","status":"publish","type":"product","link":"https:\/\/baldumarket.lt\/lt\/product\/skrzynia-galineo-02-bialy-adrk-2\/","title":{"rendered":"GALINEO 02 komoda, balta, ADRK"},"content":{"rendered":"<p>GALINEO komoda \u2013 puikus daikt\u0173 laikymo sprendimas j\u016bs\u0173 prie\u0161kambariui. Ji taip pat tarnauja kaip patogi s\u0117dyn\u0117. Stilingas dizainas puikiai papildo kitus GALINEO sistemos elementus.<\/p>","protected":false},"excerpt":{"rendered":"<p>Plotis (cm): 100<br \/>\n\u016agis (cm): 41<br \/>\nGylis (cm): 42<br \/>\nAsambl\u0117ja<br \/>\nSavaranki\u0161kas surinkimas<br \/>\nProdukto svoris [kg]: 27<\/p>","protected":false},"featured_media":293126,"comment_status":"open","ping_status":"open","template":"","meta":[],"product_brand":[],"product_cat":[9201,9120],"product_tag":[],"class_list":{"0":"post-293125","1":"product","2":"type-product","3":"status-publish","4":"has-post-thumbnail","6":"product_cat-adrk-furniture","7":"product_cat-cabinets","9":"first","10":"instock","11":"purchasable","12":"product-type-simple"},"_links":{"self":[{"href":"https:\/\/baldumarket.lt\/lt\/wp-json\/wp\/v2\/product\/293125","targetHints":{"allow":["GET"]}}],"collection":[{"href":"https:\/\/baldumarket.lt\/lt\/wp-json\/wp\/v2\/product"}],"about":[{"href":"https:\/\/baldumarket.lt\/lt\/wp-json\/wp\/v2\/types\/product"}],"replies":[{"embeddable":true,"href":"https:\/\/baldumarket.lt\/lt\/wp-json\/wp\/v2\/comments?post=293125"}],"wp:featuredmedia":[{"embeddable":true,"href":"https:\/\/baldumarket.lt\/lt\/wp-json\/wp\/v2\/media\/293126"}],"wp:attachment":[{"href":"https:\/\/baldumarket.lt\/lt\/wp-json\/wp\/v2\/media?parent=293125"}],"wp:term":[{"taxonomy":"product_brand","embeddable":true,"href":"https:\/\/baldumarket.lt\/lt\/wp-json\/wp\/v2\/product_brand?post=293125"},{"taxonomy":"product_cat","embeddable":true,"href":"https:\/\/baldumarket.lt\/lt\/wp-json\/wp\/v2\/product_cat?post=293125"},{"taxonomy":"product_tag","embeddable":true,"href":"https:\/\/baldumarket.lt\/lt\/wp-json\/wp\/v2\/product_tag?post=293125"}],"curies":[{"name":"wp","href":"https:\/\/api.w.org\/{rel}","templated":true}]}}