{"id":293105,"date":"2026-01-15T16:00:19","date_gmt":"2026-01-15T13:00:19","guid":{"rendered":"https:\/\/baldumarket.lt\/product\/panel-z-wieszakami-galineo-03-bialy-adrk\/"},"modified":"2026-02-11T18:15:39","modified_gmt":"2026-02-11T15:15:39","slug":"panel-z-wieszakami-galineo-03-bialy-adrk","status":"publish","type":"product","link":"https:\/\/baldumarket.lt\/lt\/product\/panel-z-wieszakami-galineo-03-bialy-adrk\/","title":{"rendered":"Panel\u0117 su pakabomis GALINEO 03 Balta ADRK"},"content":{"rendered":"<p>GALINEO prie\u0161kambario pakabos skydelis skirtas tvirtinimui prie sienos. \u0160is ma\u017eas, bet funkcionalus baldas leid\u017eia patogiai pakabinti paltus. Stilingas dizainas puikiai papildo kitus GALINEO sistemos elementus.<\/p>","protected":false},"excerpt":{"rendered":"<p>Plotis (cm): 99<br \/>\n\u016agis (cm): 50,5<br \/>\nGylis (cm): 22<br \/>\nAsambl\u0117ja<br \/>\nSavaranki\u0161kas surinkimas<br \/>\nProdukto svoris [kg]: 12<\/p>","protected":false},"featured_media":293106,"comment_status":"open","ping_status":"open","template":"","meta":[],"product_brand":[],"product_cat":[9201,1931],"product_tag":[],"class_list":{"0":"post-293105","1":"product","2":"type-product","3":"status-publish","4":"has-post-thumbnail","6":"product_cat-adrk-furniture","7":"product_cat-hangers","9":"first","10":"instock","11":"purchasable","12":"product-type-simple"},"_links":{"self":[{"href":"https:\/\/baldumarket.lt\/lt\/wp-json\/wp\/v2\/product\/293105","targetHints":{"allow":["GET"]}}],"collection":[{"href":"https:\/\/baldumarket.lt\/lt\/wp-json\/wp\/v2\/product"}],"about":[{"href":"https:\/\/baldumarket.lt\/lt\/wp-json\/wp\/v2\/types\/product"}],"replies":[{"embeddable":true,"href":"https:\/\/baldumarket.lt\/lt\/wp-json\/wp\/v2\/comments?post=293105"}],"wp:featuredmedia":[{"embeddable":true,"href":"https:\/\/baldumarket.lt\/lt\/wp-json\/wp\/v2\/media\/293106"}],"wp:attachment":[{"href":"https:\/\/baldumarket.lt\/lt\/wp-json\/wp\/v2\/media?parent=293105"}],"wp:term":[{"taxonomy":"product_brand","embeddable":true,"href":"https:\/\/baldumarket.lt\/lt\/wp-json\/wp\/v2\/product_brand?post=293105"},{"taxonomy":"product_cat","embeddable":true,"href":"https:\/\/baldumarket.lt\/lt\/wp-json\/wp\/v2\/product_cat?post=293105"},{"taxonomy":"product_tag","embeddable":true,"href":"https:\/\/baldumarket.lt\/lt\/wp-json\/wp\/v2\/product_tag?post=293105"}],"curies":[{"name":"wp","href":"https:\/\/api.w.org\/{rel}","templated":true}]}}