{"id":293090,"date":"2026-01-15T16:00:03","date_gmt":"2026-01-15T13:00:03","guid":{"rendered":"https:\/\/baldumarket.lt\/product\/lustro-galineo-05-bialy-adrk\/"},"modified":"2026-02-11T18:15:39","modified_gmt":"2026-02-11T15:15:39","slug":"lustro-galineo-05-bialy-adrk","status":"publish","type":"product","link":"https:\/\/baldumarket.lt\/lt\/product\/lustro-galineo-05-bialy-adrk\/","title":{"rendered":"Veidrodis GALINEO 05 baltas ADRK"},"content":{"rendered":"<p>GALINEO kolekcijos veidrodis \u2013 puiki interjero puo\u0161mena. Jis vizualiai padidins erdv\u0119 ma\u017eame prie\u0161kambaryje. \u0160is stilingas veidrodis puikiai der\u0117s su kitais GALINEO sistemos elementais.<\/p>","protected":false},"excerpt":{"rendered":"<p>Plotis (cm): 97,5<br \/>\n\u016agis (cm): 73<br \/>\nGylis (cm): 4,5<br \/>\nSurinkimas: Savaranki\u0161kas surinkimas<br \/>\nProdukto svoris [kg]: 12<\/p>","protected":false},"featured_media":293091,"comment_status":"open","ping_status":"open","template":"","meta":[],"product_brand":[],"product_cat":[9201,1108],"product_tag":[],"class_list":{"0":"post-293090","1":"product","2":"type-product","3":"status-publish","4":"has-post-thumbnail","6":"product_cat-adrk-furniture","7":"product_cat-mirrors","9":"first","10":"instock","11":"purchasable","12":"product-type-simple"},"_links":{"self":[{"href":"https:\/\/baldumarket.lt\/lt\/wp-json\/wp\/v2\/product\/293090","targetHints":{"allow":["GET"]}}],"collection":[{"href":"https:\/\/baldumarket.lt\/lt\/wp-json\/wp\/v2\/product"}],"about":[{"href":"https:\/\/baldumarket.lt\/lt\/wp-json\/wp\/v2\/types\/product"}],"replies":[{"embeddable":true,"href":"https:\/\/baldumarket.lt\/lt\/wp-json\/wp\/v2\/comments?post=293090"}],"wp:featuredmedia":[{"embeddable":true,"href":"https:\/\/baldumarket.lt\/lt\/wp-json\/wp\/v2\/media\/293091"}],"wp:attachment":[{"href":"https:\/\/baldumarket.lt\/lt\/wp-json\/wp\/v2\/media?parent=293090"}],"wp:term":[{"taxonomy":"product_brand","embeddable":true,"href":"https:\/\/baldumarket.lt\/lt\/wp-json\/wp\/v2\/product_brand?post=293090"},{"taxonomy":"product_cat","embeddable":true,"href":"https:\/\/baldumarket.lt\/lt\/wp-json\/wp\/v2\/product_cat?post=293090"},{"taxonomy":"product_tag","embeddable":true,"href":"https:\/\/baldumarket.lt\/lt\/wp-json\/wp\/v2\/product_tag?post=293090"}],"curies":[{"name":"wp","href":"https:\/\/api.w.org\/{rel}","templated":true}]}}