{"id":29309,"date":"2025-11-14T19:24:52","date_gmt":"2025-11-14T16:24:52","guid":{"rendered":"https:\/\/baldumarket.lt\/product\/gerbinie-a-60x60x2cm\/"},"modified":"2026-03-24T18:17:48","modified_gmt":"2026-03-24T15:17:48","slug":"gerbinie-a-60x60x2cm","status":"publish","type":"product","link":"https:\/\/baldumarket.lt\/lt\/product\/gerbinie-a-60x60x2cm\/","title":{"rendered":"Gerbina A, 60x60x2cm"},"content":{"rendered":"<p>\u201eGerbinie A\u201c \u2013 tai unikal\u016bs \u0161vie\u010diantys veidrod\u017eiai, kurie jus d\u017eiugins savo dizainu ir funkcionalumu. J\u0173 matmenys \u2013 60 cm x 60 cm, o gylis \u2013 2 cm, tod\u0117l jie puikiai tiks \u012fvairiose erdv\u0117se. Apvalus r\u0117mas su auksine apdaila suteikia elegancijos ir prabangos. \u0160is auksinis r\u0117mas ne tik atrodo gra\u017eiai, bet ir yra tvirtos konstrukcijos, u\u017etikrinan\u010dios, kad veidrodis tarnaus ilgus metus. \u201eGerbinie A\u201c turi IP45 apsaugos lyg\u012f, tai rei\u0161kia, kad jis yra atsparus dulk\u0117ms ir dr\u0117gmei. Tod\u0117l galite j\u012f dr\u0105siai pastatyti vonios kambaryje ar kituose dr\u0117gnuose kambariuose, i\u0161laikydami nepriekai\u0161ting\u0105 i\u0161vaizd\u0105. \u0160ie veidrod\u017eiai apr\u016bpinti energij\u0105 taupan\u010diu 15 W LED \u0161viesos \u0161altiniu. Juos maitina specialus \u201eLED Slim\u201c maitinimo \u0161altinis, kuris ne tik u\u017etikrina ry\u0161k\u0173 ir tolyg\u0173 ap\u0161vietim\u0105, bet ir padeda taupyti elektros energij\u0105. Rinkinyje yra viskas, ko reikia norint lengvai pakabinti veidrod\u012f, \u012fskaitant sieninius ki\u0161tukus, var\u017etus ir kabliukus. Veidrodis sveria 7,5 kg, o jo pakuot\u0117s matmenys yra 67,8 cm x 71 cm x 8 cm, tod\u0117l j\u012f lengva transportuoti ir surinkti. \u201eGerbinie A\u201c veidrod\u017eiai yra ne tik \u0161vie\u010diantys veidrod\u017eiai; Jie taip pat yra unikal\u016bs dekoratyviniai elementai, kurie suteiks j\u016bs\u0173 interjerui presti\u017eo ir elegancijos. Su \u0161iais veidrod\u017eiais galite sukurti ne tik funkcional\u0173, bet ir efektyv\u0173 ap\u0161vietim\u0105, kuris suteiks j\u016bs\u0173 interjerui charakterio ir \u017eavesio.<\/p>","protected":false},"excerpt":{"rendered":"<p>\u201eGerbinie A\u201c \u2013 tai unikal\u016bs \u0161vie\u010diantys veidrod\u017eiai, kurie jus d\u017eiugins savo dizainu ir funkcionalumu. J\u0173 matmenys \u2013 60 cm x 60 cm, o gylis \u2013 2 cm, tod\u0117l jie puikiai tiks \u012fvairiose erdv\u0117se. Apvalus r\u0117mas su auksine apdaila suteikia elegancijos ir prabangos. \u0160is auksinis r\u0117mas ne tik atrodo [\u2026]<\/p>","protected":false},"featured_media":29310,"comment_status":"open","ping_status":"open","template":"","meta":[],"product_brand":[],"product_cat":[2012,9165,1234],"product_tag":[],"class_list":{"0":"post-29309","1":"product","2":"type-product","3":"status-publish","4":"has-post-thumbnail","6":"product_cat-eltap","7":"product_cat-lustra-eltap","8":"product_cat-mirrors-with-lighting","10":"first","11":"instock","12":"purchasable","13":"product-type-simple"},"_links":{"self":[{"href":"https:\/\/baldumarket.lt\/lt\/wp-json\/wp\/v2\/product\/29309","targetHints":{"allow":["GET"]}}],"collection":[{"href":"https:\/\/baldumarket.lt\/lt\/wp-json\/wp\/v2\/product"}],"about":[{"href":"https:\/\/baldumarket.lt\/lt\/wp-json\/wp\/v2\/types\/product"}],"replies":[{"embeddable":true,"href":"https:\/\/baldumarket.lt\/lt\/wp-json\/wp\/v2\/comments?post=29309"}],"wp:featuredmedia":[{"embeddable":true,"href":"https:\/\/baldumarket.lt\/lt\/wp-json\/wp\/v2\/media\/29310"}],"wp:attachment":[{"href":"https:\/\/baldumarket.lt\/lt\/wp-json\/wp\/v2\/media?parent=29309"}],"wp:term":[{"taxonomy":"product_brand","embeddable":true,"href":"https:\/\/baldumarket.lt\/lt\/wp-json\/wp\/v2\/product_brand?post=29309"},{"taxonomy":"product_cat","embeddable":true,"href":"https:\/\/baldumarket.lt\/lt\/wp-json\/wp\/v2\/product_cat?post=29309"},{"taxonomy":"product_tag","embeddable":true,"href":"https:\/\/baldumarket.lt\/lt\/wp-json\/wp\/v2\/product_tag?post=29309"}],"curies":[{"name":"wp","href":"https:\/\/api.w.org\/{rel}","templated":true}]}}