{"id":293082,"date":"2026-01-15T15:59:51","date_gmt":"2026-01-15T12:59:51","guid":{"rendered":"https:\/\/baldumarket.lt\/product\/szafka-galineo-06-bialy-adrk\/"},"modified":"2026-02-11T18:15:39","modified_gmt":"2026-02-11T15:15:39","slug":"szafka-galineo-06-bialy-adrk","status":"publish","type":"product","link":"https:\/\/baldumarket.lt\/lt\/product\/szafka-galineo-06-bialy-adrk\/","title":{"rendered":"Spintel\u0117 GALINEO 06 Balta ADRK"},"content":{"rendered":"<p>GALINEO kolekcijos spintel\u0117 \u2013 tai paprastas ir eleganti\u0161kas prie\u0161kambario baldas. J\u0105 galima derinti su bat\u0173 spintele ir palt\u0173 kabykla. Tai puikus daikt\u0173 laikymo sprendimas j\u016bs\u0173 prie\u0161kambariui. \u0160i stilinga spintel\u0117 puikiai papildys kitus GALINEO sistemos elementus.<\/p>","protected":false},"excerpt":{"rendered":"<p>Plotis (cm): 71,5<br \/>\n\u016agis (cm): 200<br \/>\nGylis (cm): 41,5<br \/>\nSurinkimas: Savaranki\u0161kas surinkimas<br \/>\nProdukto svoris [kg]: 56<\/p>","protected":false},"featured_media":293083,"comment_status":"open","ping_status":"open","template":"","meta":[],"product_brand":[],"product_cat":[9201,1177],"product_tag":[],"class_list":{"0":"post-293082","1":"product","2":"type-product","3":"status-publish","4":"has-post-thumbnail","6":"product_cat-adrk-furniture","7":"product_cat-wardrobes","9":"first","10":"instock","11":"purchasable","12":"product-type-simple"},"_links":{"self":[{"href":"https:\/\/baldumarket.lt\/lt\/wp-json\/wp\/v2\/product\/293082","targetHints":{"allow":["GET"]}}],"collection":[{"href":"https:\/\/baldumarket.lt\/lt\/wp-json\/wp\/v2\/product"}],"about":[{"href":"https:\/\/baldumarket.lt\/lt\/wp-json\/wp\/v2\/types\/product"}],"replies":[{"embeddable":true,"href":"https:\/\/baldumarket.lt\/lt\/wp-json\/wp\/v2\/comments?post=293082"}],"wp:featuredmedia":[{"embeddable":true,"href":"https:\/\/baldumarket.lt\/lt\/wp-json\/wp\/v2\/media\/293083"}],"wp:attachment":[{"href":"https:\/\/baldumarket.lt\/lt\/wp-json\/wp\/v2\/media?parent=293082"}],"wp:term":[{"taxonomy":"product_brand","embeddable":true,"href":"https:\/\/baldumarket.lt\/lt\/wp-json\/wp\/v2\/product_brand?post=293082"},{"taxonomy":"product_cat","embeddable":true,"href":"https:\/\/baldumarket.lt\/lt\/wp-json\/wp\/v2\/product_cat?post=293082"},{"taxonomy":"product_tag","embeddable":true,"href":"https:\/\/baldumarket.lt\/lt\/wp-json\/wp\/v2\/product_tag?post=293082"}],"curies":[{"name":"wp","href":"https:\/\/api.w.org\/{rel}","templated":true}]}}