{"id":293044,"date":"2026-01-15T15:59:25","date_gmt":"2026-01-15T12:59:25","guid":{"rendered":"https:\/\/baldumarket.lt\/product\/skrzynia-na-zabawki-daria-bialy-adrk-2\/"},"modified":"2026-02-11T18:15:40","modified_gmt":"2026-02-11T15:15:40","slug":"skrzynia-na-zabawki-daria-bialy-adrk-2","status":"publish","type":"product","link":"https:\/\/baldumarket.lt\/lt\/product\/skrzynia-na-zabawki-daria-bialy-adrk-2\/","title":{"rendered":"\u017daisl\u0173 komoda DARIA balta ADRK"},"content":{"rendered":"<p>\u017daisl\u0173 skrynia DARIA \u2013 puiki vieta pasl\u0117pti \u012fvairius j\u016bs\u0173 vaiko lobius. D\u0117l lengvai naudojamo pak\u0117limo j\u016bs\u0173 ma\u017eylis gali lengvai atidaryti ir u\u017edaryti skryni\u0105. Skrynios priekis yra baltos spalvos ir gali b\u016bti dekoruotas spalvingais ra\u0161tais.<\/p>","protected":false},"excerpt":{"rendered":"<p>Plotis (cm): 73<br \/>\n\u016agis (cm): 42<br \/>\nGylis (cm): 40<br \/>\nAsambl\u0117ja<br \/>\nSavaranki\u0161kas surinkimas<br \/>\nProdukto svoris [kg]: 24<\/p>","protected":false},"featured_media":293045,"comment_status":"open","ping_status":"open","template":"","meta":[],"product_brand":[],"product_cat":[9201,9120],"product_tag":[],"class_list":{"0":"post-293044","1":"product","2":"type-product","3":"status-publish","4":"has-post-thumbnail","6":"product_cat-adrk-furniture","7":"product_cat-cabinets","9":"first","10":"instock","11":"purchasable","12":"product-type-simple"},"_links":{"self":[{"href":"https:\/\/baldumarket.lt\/lt\/wp-json\/wp\/v2\/product\/293044","targetHints":{"allow":["GET"]}}],"collection":[{"href":"https:\/\/baldumarket.lt\/lt\/wp-json\/wp\/v2\/product"}],"about":[{"href":"https:\/\/baldumarket.lt\/lt\/wp-json\/wp\/v2\/types\/product"}],"replies":[{"embeddable":true,"href":"https:\/\/baldumarket.lt\/lt\/wp-json\/wp\/v2\/comments?post=293044"}],"wp:featuredmedia":[{"embeddable":true,"href":"https:\/\/baldumarket.lt\/lt\/wp-json\/wp\/v2\/media\/293045"}],"wp:attachment":[{"href":"https:\/\/baldumarket.lt\/lt\/wp-json\/wp\/v2\/media?parent=293044"}],"wp:term":[{"taxonomy":"product_brand","embeddable":true,"href":"https:\/\/baldumarket.lt\/lt\/wp-json\/wp\/v2\/product_brand?post=293044"},{"taxonomy":"product_cat","embeddable":true,"href":"https:\/\/baldumarket.lt\/lt\/wp-json\/wp\/v2\/product_cat?post=293044"},{"taxonomy":"product_tag","embeddable":true,"href":"https:\/\/baldumarket.lt\/lt\/wp-json\/wp\/v2\/product_tag?post=293044"}],"curies":[{"name":"wp","href":"https:\/\/api.w.org\/{rel}","templated":true}]}}