{"id":29290,"date":"2025-11-14T19:24:23","date_gmt":"2025-11-14T16:24:23","guid":{"rendered":"https:\/\/baldumarket.lt\/product\/elistul-a-60x60x2cm\/"},"modified":"2026-03-24T18:17:48","modified_gmt":"2026-03-24T15:17:48","slug":"elistul-a-60x60x2cm","status":"publish","type":"product","link":"https:\/\/baldumarket.lt\/lt\/product\/elistul-a-60x60x2cm\/","title":{"rendered":"Elistul A, 60x60x2cm"},"content":{"rendered":"<p>\u201eElistul A\u201c ap\u0161viestas veidrodis \u2013 tai dizainerio ir funkcionalus baldas, kuris puikiai tiks j\u016bs\u0173 erdvei. 60 cm x 60 cm dyd\u017eio, tod\u0117l tai idealus pasirinkimas tiek vonios kambariui, tiek kitiems j\u016bs\u0173 nam\u0173 kambariams. Plonas, 2 cm gylio veidrod\u017eio pavir\u0161ius suteikia jam modern\u0173 vaizd\u0105 ir leid\u017eia j\u012f pritaikyti \u012fvairiose aplinkose. Komplekte yra sieniniai kai\u0161\u010diai, var\u017etai ir kabliukai veidrod\u017eiui pakabinti, tod\u0117l montavimas yra paprastas ir saugus. Veidrod\u017eio r\u0117mas yra apvalus ir eleganti\u0161kos baltos spalvos. Tai ne tik funkcionalus veidrodis, bet ir dizainerio dekoratyvinis elementas, suteikiantis j\u016bs\u0173 erdvei stiliaus. \u201eElistul A\u201c veidrodis turi IP45 apsaugos lyg\u012f, o tai rei\u0161kia, kad jis yra atsparus dr\u0117gmei ir gali b\u016bti saugiai pastatytas vonios kambaryje, nebijant jo pa\u017eeisti. Jame naudojami energij\u0105 taupantys 15 W \u0161viesos diodai. Tai u\u017etikrina ry\u0161k\u0173 ir tolyg\u0173 ap\u0161vietim\u0105, puikiai tinkant\u012f kasdienei higienos rutinai ar pasiruo\u0161imui dienai. Veidrod\u012f maitina plonas LED ap\u0161vietimas, tod\u0117l jis taupo energij\u0105 ir yra patvarus. \u201eElistul A\u201c veidrodis sveria 7,8 kg, tod\u0117l yra stabilus ir lengvai surenkamas. Pakuot\u0117s matmenys yra 67,8 cm x 71 cm x 8 cm, tod\u0117l u\u017etikrinamas saugus transportavimas ir veidrod\u017eio apsauga nuo pa\u017eeidim\u0173 pristatymo metu. \u0160is veidrodis ne tik prakti\u0161kas, bet ir suteikia j\u016bs\u0173 erdvei modernaus elegancijos. D\u0117l tiksli\u0173 matmen\u0173, stilingo r\u0117mo, efektyvaus LED ap\u0161vietimo ir atsparumo dr\u0117gmei \u201eElistul A\u201c veidrodis yra puikus pasirinkimas j\u016bs\u0173 interjerui.<\/p>","protected":false},"excerpt":{"rendered":"<p>\u201eElistul A\u201c ap\u0161viestas veidrodis yra dizainerio ir funkcionalus baldas, kuris puikiai tiks j\u016bs\u0173 erdvei. 60 cm x 60 cm dyd\u017eio, tai idealus pasirinkimas tiek vonios kambariui, tiek kitiems j\u016bs\u0173 nam\u0173 kambariams. Plonas, 2 cm gylio veidrod\u017eio pavir\u0161ius suteikia jam modern\u0173 vaizd\u0105 ir leid\u017eia j\u012f [\u2026]<\/p>","protected":false},"featured_media":29291,"comment_status":"open","ping_status":"open","template":"","meta":[],"product_brand":[],"product_cat":[2012,9165,1234],"product_tag":[],"class_list":{"0":"post-29290","1":"product","2":"type-product","3":"status-publish","4":"has-post-thumbnail","6":"product_cat-eltap","7":"product_cat-lustra-eltap","8":"product_cat-mirrors-with-lighting","10":"first","11":"instock","12":"purchasable","13":"product-type-simple"},"_links":{"self":[{"href":"https:\/\/baldumarket.lt\/lt\/wp-json\/wp\/v2\/product\/29290","targetHints":{"allow":["GET"]}}],"collection":[{"href":"https:\/\/baldumarket.lt\/lt\/wp-json\/wp\/v2\/product"}],"about":[{"href":"https:\/\/baldumarket.lt\/lt\/wp-json\/wp\/v2\/types\/product"}],"replies":[{"embeddable":true,"href":"https:\/\/baldumarket.lt\/lt\/wp-json\/wp\/v2\/comments?post=29290"}],"wp:featuredmedia":[{"embeddable":true,"href":"https:\/\/baldumarket.lt\/lt\/wp-json\/wp\/v2\/media\/29291"}],"wp:attachment":[{"href":"https:\/\/baldumarket.lt\/lt\/wp-json\/wp\/v2\/media?parent=29290"}],"wp:term":[{"taxonomy":"product_brand","embeddable":true,"href":"https:\/\/baldumarket.lt\/lt\/wp-json\/wp\/v2\/product_brand?post=29290"},{"taxonomy":"product_cat","embeddable":true,"href":"https:\/\/baldumarket.lt\/lt\/wp-json\/wp\/v2\/product_cat?post=29290"},{"taxonomy":"product_tag","embeddable":true,"href":"https:\/\/baldumarket.lt\/lt\/wp-json\/wp\/v2\/product_tag?post=29290"}],"curies":[{"name":"wp","href":"https:\/\/api.w.org\/{rel}","templated":true}]}}