{"id":292769,"date":"2026-01-15T15:55:52","date_gmt":"2026-01-15T12:55:52","guid":{"rendered":"https:\/\/baldumarket.lt\/product\/drzwi-przesuwne-nascienne-dwuskrzydlowe-toppo-146-sonoma-czarny-adrk\/"},"modified":"2026-02-11T18:15:45","modified_gmt":"2026-02-11T15:15:45","slug":"drzwi-przesuwne-nascienne-dwuskrzydlowe-toppo-146-sonoma-czarny-adrk","status":"publish","type":"product","link":"https:\/\/baldumarket.lt\/lt\/product\/drzwi-przesuwne-nascienne-dwuskrzydlowe-toppo-146-sonoma-czarny-adrk\/","title":{"rendered":"TOPPO 146 Sonoma\/Black ADRK dviv\u0117r\u0117s sienin\u0117s stumdomos durys"},"content":{"rendered":"<p>Dviv\u0117r\u0117s stumdomos durys \u201eTOPPO\u201c \u2013 puiki id\u0117ja optimaliam erdv\u0117s i\u0161naudojimui. Jos leid\u017eia sukurti papildomos erdv\u0117s, vizualiai padidinant kambar\u012f. Jos eleganti\u0161kai atskiria vien\u0105 kambar\u012f nuo kito. Taip pat galite \u012fsigyti \u0161veln\u0173 u\u017edarymo mechanizm\u0105, kad i\u0161vengtum\u0117te staigi\u0173 sm\u016bgi\u0173.<\/p>","protected":false},"excerpt":{"rendered":"<p>Plotis (cm): 146<br \/>\n\u016agis (cm): 205<br \/>\nGylis (cm): 1,6<br \/>\nAsambl\u0117ja<br \/>\nSavaranki\u0161kas surinkimas<br \/>\nProdukto svoris [kg]: 39<\/p>","protected":false},"featured_media":292770,"comment_status":"open","ping_status":"open","template":"","meta":[],"product_brand":[],"product_cat":[9201,1330],"product_tag":[],"class_list":{"0":"post-292769","1":"product","2":"type-product","3":"status-publish","4":"has-post-thumbnail","6":"product_cat-adrk-furniture","7":"product_cat-doors","9":"first","10":"instock","11":"purchasable","12":"product-type-simple"},"_links":{"self":[{"href":"https:\/\/baldumarket.lt\/lt\/wp-json\/wp\/v2\/product\/292769","targetHints":{"allow":["GET"]}}],"collection":[{"href":"https:\/\/baldumarket.lt\/lt\/wp-json\/wp\/v2\/product"}],"about":[{"href":"https:\/\/baldumarket.lt\/lt\/wp-json\/wp\/v2\/types\/product"}],"replies":[{"embeddable":true,"href":"https:\/\/baldumarket.lt\/lt\/wp-json\/wp\/v2\/comments?post=292769"}],"wp:featuredmedia":[{"embeddable":true,"href":"https:\/\/baldumarket.lt\/lt\/wp-json\/wp\/v2\/media\/292770"}],"wp:attachment":[{"href":"https:\/\/baldumarket.lt\/lt\/wp-json\/wp\/v2\/media?parent=292769"}],"wp:term":[{"taxonomy":"product_brand","embeddable":true,"href":"https:\/\/baldumarket.lt\/lt\/wp-json\/wp\/v2\/product_brand?post=292769"},{"taxonomy":"product_cat","embeddable":true,"href":"https:\/\/baldumarket.lt\/lt\/wp-json\/wp\/v2\/product_cat?post=292769"},{"taxonomy":"product_tag","embeddable":true,"href":"https:\/\/baldumarket.lt\/lt\/wp-json\/wp\/v2\/product_tag?post=292769"}],"curies":[{"name":"wp","href":"https:\/\/api.w.org\/{rel}","templated":true}]}}