{"id":29275,"date":"2025-11-14T19:23:57","date_gmt":"2025-11-14T16:23:57","guid":{"rendered":"https:\/\/baldumarket.lt\/product\/gerbinie-80x80x2cm\/"},"modified":"2026-03-24T18:17:48","modified_gmt":"2026-03-24T15:17:48","slug":"gerbinie-80x80x2cm","status":"publish","type":"product","link":"https:\/\/baldumarket.lt\/lt\/product\/gerbinie-80x80x2cm\/","title":{"rendered":"Gerbina, 80x80x2cm"},"content":{"rendered":"<p>\u201eGerbinie\u201c veidrodis yra \u012fsp\u016bdingas ir eleganti\u0161kas, 80 \u00d7 80 centimetr\u0173 dyd\u017eio, sukuriantis unikali\u0105 atmosfer\u0105 j\u016bs\u0173 interjere. D\u0117l didelio dyd\u017eio jis puikiai tinka kaip pagrindinis svetain\u0117s, miegamojo ar kito kambario akcentas, suteikiantis ne tik funkcionalumo, bet ir rafinuotumo. Veidrod\u017eio gylis yra 2 centimetrai, tod\u0117l j\u012f lengva ir lengva pakabinti ant sienos. Rinkinyje yra visi reikalingi priedai, tokie kaip sieniniai kai\u0161\u010diai, var\u017etai ir kabliukai, tod\u0117l montavimas yra paprastas ir patogus. \u201eGerbinie\u201c veidrod\u017eio apvalus r\u0117mas yra pagamintas i\u0161 gra\u017eios auksin\u0117s spalvos, suteikian\u010dios prabangos ir paver\u010dian\u010dios j\u012f j\u016bs\u0173 kambario d\u0117mesio centru. Nepaisant \u012fsp\u016bdingos i\u0161vaizdos, veidrodis taip pat yra prakti\u0161kas. Sveriantis 8,2 kilogramo, jis yra stabilus ir patvarus. Pakuot\u0117s matmenys yra 85 x 85 x 6 centimetrai, tod\u0117l u\u017etikrinamas saugus transportavimas ir apsauga pristatymo metu. \u201eGerbinie\u201c veidrodis yra puikus pasirinkimas tiems, kurie ie\u0161ko funkcionalaus ir \u012fsp\u016bdingo dekoratyvinio elemento savo interjerui. \u0160is veidrodis ne tik atspind\u0117s j\u016bs\u0173 atspind\u012f, bet ir atspind\u0117s j\u016bs\u0173 unikali\u0105 estetik\u0105 bei skon\u012f, suteikdamas erdvei unikal\u0173 spindes\u012f.<\/p>","protected":false},"excerpt":{"rendered":"<p>\u012esp\u016bdingas ir eleganti\u0161kas \u201eGerbinie\u201c veidrodis, kurio matmenys \u2013 80 \u00d7 80 centimetr\u0173, sukuriantis unikali\u0105 atmosfer\u0105 j\u016bs\u0173 interjere. D\u0117l didelio dyd\u017eio jis puikiai tinka kaip pagrindinis svetain\u0117s, miegamojo ar kito kambario akcentas, suteikiantis ne tik funkcionalumo, bet ir rafinuotumo. Veidrod\u017eio gylis yra 2 centimetrai, tod\u0117l jis lengvas [\u2026]<\/p>","protected":false},"featured_media":29276,"comment_status":"open","ping_status":"open","template":"","meta":[],"product_brand":[],"product_cat":[2012,9165,1108],"product_tag":[],"class_list":{"0":"post-29275","1":"product","2":"type-product","3":"status-publish","4":"has-post-thumbnail","6":"product_cat-eltap","7":"product_cat-lustra-eltap","8":"product_cat-mirrors","10":"first","11":"instock","12":"purchasable","13":"product-type-simple"},"_links":{"self":[{"href":"https:\/\/baldumarket.lt\/lt\/wp-json\/wp\/v2\/product\/29275","targetHints":{"allow":["GET"]}}],"collection":[{"href":"https:\/\/baldumarket.lt\/lt\/wp-json\/wp\/v2\/product"}],"about":[{"href":"https:\/\/baldumarket.lt\/lt\/wp-json\/wp\/v2\/types\/product"}],"replies":[{"embeddable":true,"href":"https:\/\/baldumarket.lt\/lt\/wp-json\/wp\/v2\/comments?post=29275"}],"wp:featuredmedia":[{"embeddable":true,"href":"https:\/\/baldumarket.lt\/lt\/wp-json\/wp\/v2\/media\/29276"}],"wp:attachment":[{"href":"https:\/\/baldumarket.lt\/lt\/wp-json\/wp\/v2\/media?parent=29275"}],"wp:term":[{"taxonomy":"product_brand","embeddable":true,"href":"https:\/\/baldumarket.lt\/lt\/wp-json\/wp\/v2\/product_brand?post=29275"},{"taxonomy":"product_cat","embeddable":true,"href":"https:\/\/baldumarket.lt\/lt\/wp-json\/wp\/v2\/product_cat?post=29275"},{"taxonomy":"product_tag","embeddable":true,"href":"https:\/\/baldumarket.lt\/lt\/wp-json\/wp\/v2\/product_tag?post=29275"}],"curies":[{"name":"wp","href":"https:\/\/api.w.org\/{rel}","templated":true}]}}