{"id":29268,"date":"2025-11-14T19:23:46","date_gmt":"2025-11-14T16:23:46","guid":{"rendered":"https:\/\/baldumarket.lt\/product\/gerbinie-60x60x2cm\/"},"modified":"2026-03-24T18:17:56","modified_gmt":"2026-03-24T15:17:56","slug":"gerbinie-60x60x2cm","status":"publish","type":"product","link":"https:\/\/baldumarket.lt\/lt\/product\/gerbinie-60x60x2cm\/","title":{"rendered":"Gerbina, 60x60x2cm"},"content":{"rendered":"<p>\u201eGerbinie\u201c veidrodis yra eleganti\u0161kas ir stilingas 60 \u00d7 60 centimetr\u0173 veidrodis, kuris puikiai papildys j\u016bs\u0173 interjero dizain\u0105. D\u0117l kompakti\u0161ko dyd\u017eio jis idealiai tinka \u012fvairiems kambariams, suteikdamas ne tik funkcionalumo, bet ir rafinuotumo. Veidrod\u017eio gylis yra 2 centimetrai, tod\u0117l j\u012f lengva ir lengva pakabinti ant sienos. Komplekte yra visi reikalingi priedai, tokie kaip sieniniai kai\u0161\u010diai, var\u017etai ir kabliukai, tod\u0117l montavimas yra paprastas ir patogus. \u201eGerbinie\u201c veidrod\u017eio apvalus r\u0117mas yra pagamintas i\u0161 gra\u017eios auksin\u0117s spalvos, suteikian\u010dios prabangos i\u0161vaizd\u0105 ir paver\u010dian\u010dios j\u012f j\u016bs\u0173 kambario d\u0117mesio centru. Nepaisant \u012fsp\u016bdingos i\u0161vaizdos, veidrodis taip pat yra prakti\u0161kas. Sveriantis 7,5 kilogramo, jis yra stabilus ir patvarus. Pakuot\u0117s matmenys yra 67,8 x 71 x 8 centimetrai, u\u017etikrinantys saug\u0173 transportavim\u0105 ir apsaug\u0105 pristatymo metu. \u201eGerbinie\u201c veidrodis yra puikus pasirinkimas tiems, kurie ie\u0161ko funkcionalaus ir gra\u017eaus dekoratyvinio elemento savo interjerui. \u0160is veidrodis ne tik atspind\u0117s j\u016bs\u0173 atspind\u012f, bet ir atspind\u0117s j\u016bs\u0173 unikali\u0105 estetik\u0105 bei skon\u012f.<\/p>","protected":false},"excerpt":{"rendered":"<p>\u201eGerbinie\u201c veidrodis yra eleganti\u0161kas ir stilingas 60 \u00d7 60 centimetr\u0173 veidrodis, kuris puikiai papildys j\u016bs\u0173 interjero dizain\u0105. D\u0117l kompakti\u0161ko dyd\u017eio jis idealiai tinka \u012fvairiems kambariams, suteikdamas ne tik funkcionalumo, bet ir rafinuotumo. Veidrod\u017eio gylis yra 2 centimetrai, tod\u0117l jis lengvas ir lengvai pakabinamas ant sienos. Komplektas [\u2026]<\/p>","protected":false},"featured_media":29269,"comment_status":"open","ping_status":"open","template":"","meta":[],"product_brand":[],"product_cat":[2012,9165,1108],"product_tag":[],"class_list":{"0":"post-29268","1":"product","2":"type-product","3":"status-publish","4":"has-post-thumbnail","6":"product_cat-eltap","7":"product_cat-lustra-eltap","8":"product_cat-mirrors","10":"first","11":"instock","12":"purchasable","13":"product-type-simple"},"_links":{"self":[{"href":"https:\/\/baldumarket.lt\/lt\/wp-json\/wp\/v2\/product\/29268","targetHints":{"allow":["GET"]}}],"collection":[{"href":"https:\/\/baldumarket.lt\/lt\/wp-json\/wp\/v2\/product"}],"about":[{"href":"https:\/\/baldumarket.lt\/lt\/wp-json\/wp\/v2\/types\/product"}],"replies":[{"embeddable":true,"href":"https:\/\/baldumarket.lt\/lt\/wp-json\/wp\/v2\/comments?post=29268"}],"wp:featuredmedia":[{"embeddable":true,"href":"https:\/\/baldumarket.lt\/lt\/wp-json\/wp\/v2\/media\/29269"}],"wp:attachment":[{"href":"https:\/\/baldumarket.lt\/lt\/wp-json\/wp\/v2\/media?parent=29268"}],"wp:term":[{"taxonomy":"product_brand","embeddable":true,"href":"https:\/\/baldumarket.lt\/lt\/wp-json\/wp\/v2\/product_brand?post=29268"},{"taxonomy":"product_cat","embeddable":true,"href":"https:\/\/baldumarket.lt\/lt\/wp-json\/wp\/v2\/product_cat?post=29268"},{"taxonomy":"product_tag","embeddable":true,"href":"https:\/\/baldumarket.lt\/lt\/wp-json\/wp\/v2\/product_tag?post=29268"}],"curies":[{"name":"wp","href":"https:\/\/api.w.org\/{rel}","templated":true}]}}