{"id":292613,"date":"2026-01-15T15:53:53","date_gmt":"2026-01-15T12:53:53","guid":{"rendered":"https:\/\/baldumarket.lt\/product\/drzwi-przesuwne-nascienne-tess-96-czekolada-adrk\/"},"modified":"2026-02-11T18:15:47","modified_gmt":"2026-02-11T15:15:47","slug":"drzwi-przesuwne-nascienne-tess-96-czekolada-adrk","status":"publish","type":"product","link":"https:\/\/baldumarket.lt\/lt\/product\/drzwi-przesuwne-nascienne-tess-96-czekolada-adrk\/","title":{"rendered":"TESS 96 prie sienos tvirtinamos stumdomos durys \u0161okolado spalvos, ADRK"},"content":{"rendered":"<p>TESS stumdomos durys \u2013 puiki id\u0117ja optimaliam erdv\u0117s panaudojimui. Jos leid\u017eia sukurti papildomos erdv\u0117s, vizualiai j\u012f padidinant. TESS dur\u0173 priekyje yra vienpusis veidrodis, eleganti\u0161kai atskiriantis vien\u0105 kambar\u012f nuo kito. Jas galima montuoti kair\u0117je arba de\u0161in\u0117je pus\u0117je, tod\u0117l jos universalios. Taip pat galite \u012fsigyti savaiminio u\u017edarymo mechanizm\u0105, kad i\u0161vengtum\u0117te staigi\u0173 sm\u016bgi\u0173. Raginame susipa\u017einti su kitais dur\u0173 modeliais ir dyd\u017eiais.<\/p>","protected":false},"excerpt":{"rendered":"<p>Plotis (cm): 96<br \/>\n\u016agis (cm): 205<br \/>\nGylis (cm): 1,6<br \/>\nAsambl\u0117ja<br \/>\nSavaranki\u0161kas surinkimas<br \/>\nProdukto svoris [kg]: 34<\/p>","protected":false},"featured_media":292614,"comment_status":"open","ping_status":"open","template":"","meta":[],"product_brand":[],"product_cat":[9201,1330],"product_tag":[],"class_list":{"0":"post-292613","1":"product","2":"type-product","3":"status-publish","4":"has-post-thumbnail","6":"product_cat-adrk-furniture","7":"product_cat-doors","9":"first","10":"instock","11":"purchasable","12":"product-type-simple"},"_links":{"self":[{"href":"https:\/\/baldumarket.lt\/lt\/wp-json\/wp\/v2\/product\/292613","targetHints":{"allow":["GET"]}}],"collection":[{"href":"https:\/\/baldumarket.lt\/lt\/wp-json\/wp\/v2\/product"}],"about":[{"href":"https:\/\/baldumarket.lt\/lt\/wp-json\/wp\/v2\/types\/product"}],"replies":[{"embeddable":true,"href":"https:\/\/baldumarket.lt\/lt\/wp-json\/wp\/v2\/comments?post=292613"}],"wp:featuredmedia":[{"embeddable":true,"href":"https:\/\/baldumarket.lt\/lt\/wp-json\/wp\/v2\/media\/292614"}],"wp:attachment":[{"href":"https:\/\/baldumarket.lt\/lt\/wp-json\/wp\/v2\/media?parent=292613"}],"wp:term":[{"taxonomy":"product_brand","embeddable":true,"href":"https:\/\/baldumarket.lt\/lt\/wp-json\/wp\/v2\/product_brand?post=292613"},{"taxonomy":"product_cat","embeddable":true,"href":"https:\/\/baldumarket.lt\/lt\/wp-json\/wp\/v2\/product_cat?post=292613"},{"taxonomy":"product_tag","embeddable":true,"href":"https:\/\/baldumarket.lt\/lt\/wp-json\/wp\/v2\/product_tag?post=292613"}],"curies":[{"name":"wp","href":"https:\/\/api.w.org\/{rel}","templated":true}]}}