{"id":29259,"date":"2025-11-14T19:23:30","date_gmt":"2025-11-14T16:23:30","guid":{"rendered":"https:\/\/baldumarket.lt\/product\/elistul-80x80x2cm\/"},"modified":"2026-03-24T18:17:56","modified_gmt":"2026-03-24T15:17:56","slug":"elistul-80x80x2cm","status":"publish","type":"product","link":"https:\/\/baldumarket.lt\/lt\/product\/elistul-80x80x2cm\/","title":{"rendered":"Elistul, 80x80x2cm"},"content":{"rendered":"<p>\u201eElistul\u201c veidrodis \u2013 eleganti\u0161kas ir funkcionalus, suteiksiantis \u017eavesio j\u016bs\u0173 interjerui. 80 cm plo\u010dio, 80 cm auk\u0161\u010dio ir 2 cm gylio, jis yra ir efektyvus, ir stilingas. Sveriantis 8,2 kg, jis yra stabilus ir patvarus, o d\u0117ka pridedam\u0173 kai\u0161\u010di\u0173, var\u017et\u0173 ir kabliuk\u0173, j\u012f pakabinti ant sienos yra lengva ir be vargo. Apvalus baltas veidrod\u017eio r\u0117melis suteikia jam modernumo ir tinka \u012fvairiems interjero stiliams. Pakuot\u0117s matmenys yra 85 cm x 85 cm x 6 cm, tod\u0117l u\u017etikrinamas saugus transportavimas ir apsauga pristatymo metu. \u201eElistul\u201c veidrodis yra ne tik prakti\u0161kas, bet ir eleganti\u0161kas dekoratyvinis elementas, suteiksiantis j\u016bs\u0173 interjerui unikalumo. D\u0117l \u012fsp\u016bdingo dyd\u017eio ir esteti\u0161ko dizaino \u0161is veidrodis j\u016bs\u0173 namams suteiks nauj\u0105 kokyb\u0117s ir stiliaus lyg\u012f.<\/p>","protected":false},"excerpt":{"rendered":"<p>\u201eElistul\u201c veidrodis yra eleganti\u0161kas ir funkcionalus, kuris suteiks \u017eavesio j\u016bs\u0173 interjerui. 80 cm plo\u010dio, 80 cm auk\u0161\u010dio ir 2 cm gylio, jis yra ir efektyvus, ir stilingas. Sveriantis 8,2 kg, jis yra stabilus ir patvarus, o d\u0117ka pridedam\u0173 kai\u0161\u010di\u0173, var\u017et\u0173 ir kabliuk\u0173 j\u012f lengva pakabinti ant sienos [\u2026]<\/p>","protected":false},"featured_media":29260,"comment_status":"open","ping_status":"open","template":"","meta":[],"product_brand":[],"product_cat":[2012,9165,1108],"product_tag":[],"class_list":{"0":"post-29259","1":"product","2":"type-product","3":"status-publish","4":"has-post-thumbnail","6":"product_cat-eltap","7":"product_cat-lustra-eltap","8":"product_cat-mirrors","10":"first","11":"instock","12":"purchasable","13":"product-type-simple"},"_links":{"self":[{"href":"https:\/\/baldumarket.lt\/lt\/wp-json\/wp\/v2\/product\/29259","targetHints":{"allow":["GET"]}}],"collection":[{"href":"https:\/\/baldumarket.lt\/lt\/wp-json\/wp\/v2\/product"}],"about":[{"href":"https:\/\/baldumarket.lt\/lt\/wp-json\/wp\/v2\/types\/product"}],"replies":[{"embeddable":true,"href":"https:\/\/baldumarket.lt\/lt\/wp-json\/wp\/v2\/comments?post=29259"}],"wp:featuredmedia":[{"embeddable":true,"href":"https:\/\/baldumarket.lt\/lt\/wp-json\/wp\/v2\/media\/29260"}],"wp:attachment":[{"href":"https:\/\/baldumarket.lt\/lt\/wp-json\/wp\/v2\/media?parent=29259"}],"wp:term":[{"taxonomy":"product_brand","embeddable":true,"href":"https:\/\/baldumarket.lt\/lt\/wp-json\/wp\/v2\/product_brand?post=29259"},{"taxonomy":"product_cat","embeddable":true,"href":"https:\/\/baldumarket.lt\/lt\/wp-json\/wp\/v2\/product_cat?post=29259"},{"taxonomy":"product_tag","embeddable":true,"href":"https:\/\/baldumarket.lt\/lt\/wp-json\/wp\/v2\/product_tag?post=29259"}],"curies":[{"name":"wp","href":"https:\/\/api.w.org\/{rel}","templated":true}]}}