{"id":292581,"date":"2026-01-15T15:53:29","date_gmt":"2026-01-15T12:53:29","guid":{"rendered":"https:\/\/baldumarket.lt\/product\/drzwi-przesuwne-nascienne-tony-96-czekolada-adrk\/"},"modified":"2026-02-11T18:15:48","modified_gmt":"2026-02-11T15:15:48","slug":"drzwi-przesuwne-nascienne-tony-96-czekolada-adrk","status":"publish","type":"product","link":"https:\/\/baldumarket.lt\/lt\/product\/drzwi-przesuwne-nascienne-tony-96-czekolada-adrk\/","title":{"rendered":"TONY 96 \u0161okolado spalvos ADRK prie sienos tvirtinamos stumdomos durys"},"content":{"rendered":"<p>TONY stumdomos durys \u2013 puiki id\u0117ja optimaliam erdv\u0117s i\u0161naudojimui. Jos leid\u017eia sukurti papildomos erdv\u0117s, vizualiai padidinant kambar\u012f. Jos eleganti\u0161kai atskiria vien\u0105 kambar\u012f nuo kito. TONY stumdomos durys pagamintos i\u0161 laminuotos plok\u0161t\u0117s su horizontaliomis sidabrin\u0117mis juostel\u0117mis priekyje. Jas galima montuoti kair\u0117je arba de\u0161in\u0117je pus\u0117je, tod\u0117l jos universalios. Taip pat galite \u012fsigyti savaiminio u\u017edarymo mechanizm\u0105, kad i\u0161vengtum\u0117te staigi\u0173 sm\u016bgi\u0173. Raginame susipa\u017einti su kitais dur\u0173 modeliais ir dyd\u017eiais.<\/p>","protected":false},"excerpt":{"rendered":"<p>Plotis (cm): 96<br \/>\n\u016agis (cm): 205<br \/>\nGylis (cm): 1,6<br \/>\nAsambl\u0117ja<br \/>\nSavaranki\u0161kas surinkimas<br \/>\nProdukto svoris [kg]: 34<\/p>","protected":false},"featured_media":292582,"comment_status":"open","ping_status":"open","template":"","meta":[],"product_brand":[],"product_cat":[9201,1330],"product_tag":[],"class_list":{"0":"post-292581","1":"product","2":"type-product","3":"status-publish","4":"has-post-thumbnail","6":"product_cat-adrk-furniture","7":"product_cat-doors","9":"first","10":"instock","11":"purchasable","12":"product-type-simple"},"_links":{"self":[{"href":"https:\/\/baldumarket.lt\/lt\/wp-json\/wp\/v2\/product\/292581","targetHints":{"allow":["GET"]}}],"collection":[{"href":"https:\/\/baldumarket.lt\/lt\/wp-json\/wp\/v2\/product"}],"about":[{"href":"https:\/\/baldumarket.lt\/lt\/wp-json\/wp\/v2\/types\/product"}],"replies":[{"embeddable":true,"href":"https:\/\/baldumarket.lt\/lt\/wp-json\/wp\/v2\/comments?post=292581"}],"wp:featuredmedia":[{"embeddable":true,"href":"https:\/\/baldumarket.lt\/lt\/wp-json\/wp\/v2\/media\/292582"}],"wp:attachment":[{"href":"https:\/\/baldumarket.lt\/lt\/wp-json\/wp\/v2\/media?parent=292581"}],"wp:term":[{"taxonomy":"product_brand","embeddable":true,"href":"https:\/\/baldumarket.lt\/lt\/wp-json\/wp\/v2\/product_brand?post=292581"},{"taxonomy":"product_cat","embeddable":true,"href":"https:\/\/baldumarket.lt\/lt\/wp-json\/wp\/v2\/product_cat?post=292581"},{"taxonomy":"product_tag","embeddable":true,"href":"https:\/\/baldumarket.lt\/lt\/wp-json\/wp\/v2\/product_tag?post=292581"}],"curies":[{"name":"wp","href":"https:\/\/api.w.org\/{rel}","templated":true}]}}