{"id":292568,"date":"2026-01-15T15:53:20","date_gmt":"2026-01-15T12:53:20","guid":{"rendered":"https:\/\/baldumarket.lt\/product\/biurko-narozne-eliseo-bialy-adrk\/"},"modified":"2026-02-11T18:15:48","modified_gmt":"2026-02-11T15:15:48","slug":"biurko-narozne-eliseo-bialy-adrk","status":"publish","type":"product","link":"https:\/\/baldumarket.lt\/lt\/product\/biurko-narozne-eliseo-bialy-adrk\/","title":{"rendered":"ELISEO kampinis stalas, baltas, ADRK"},"content":{"rendered":"<p>ELISEO kampinis stalas puikiai tinka paauglio kambariui, biurui ar studijai. D\u0117l kampinio dizaino jis tinka net ir ma\u017eoms erdv\u0117ms. Stalas su stal\u010diumi, spintele ir erdviomis lentynomis suteikia daug vietos biuro reikmenims laikyti. ELISEO stalas yra lengvai naudojamas ir universalus baldas, kuris tikrai tiks prie daugumos interjer\u0173.<\/p>","protected":false},"excerpt":{"rendered":"<p>Plotis (cm): 121,4<br \/>\n\u016agis (cm): 75,3<br \/>\nGylis (cm): 120<br \/>\nSurinkimas: Savaranki\u0161kas surinkimas<br \/>\nProdukto svoris [kg]: 43,2<\/p>","protected":false},"featured_media":292569,"comment_status":"open","ping_status":"open","template":"","meta":[],"product_brand":[],"product_cat":[9201,1312],"product_tag":[],"class_list":{"0":"post-292568","1":"product","2":"type-product","3":"status-publish","4":"has-post-thumbnail","6":"product_cat-adrk-furniture","7":"product_cat-desks","9":"first","10":"instock","11":"purchasable","12":"product-type-simple"},"_links":{"self":[{"href":"https:\/\/baldumarket.lt\/lt\/wp-json\/wp\/v2\/product\/292568","targetHints":{"allow":["GET"]}}],"collection":[{"href":"https:\/\/baldumarket.lt\/lt\/wp-json\/wp\/v2\/product"}],"about":[{"href":"https:\/\/baldumarket.lt\/lt\/wp-json\/wp\/v2\/types\/product"}],"replies":[{"embeddable":true,"href":"https:\/\/baldumarket.lt\/lt\/wp-json\/wp\/v2\/comments?post=292568"}],"wp:featuredmedia":[{"embeddable":true,"href":"https:\/\/baldumarket.lt\/lt\/wp-json\/wp\/v2\/media\/292569"}],"wp:attachment":[{"href":"https:\/\/baldumarket.lt\/lt\/wp-json\/wp\/v2\/media?parent=292568"}],"wp:term":[{"taxonomy":"product_brand","embeddable":true,"href":"https:\/\/baldumarket.lt\/lt\/wp-json\/wp\/v2\/product_brand?post=292568"},{"taxonomy":"product_cat","embeddable":true,"href":"https:\/\/baldumarket.lt\/lt\/wp-json\/wp\/v2\/product_cat?post=292568"},{"taxonomy":"product_tag","embeddable":true,"href":"https:\/\/baldumarket.lt\/lt\/wp-json\/wp\/v2\/product_tag?post=292568"}],"curies":[{"name":"wp","href":"https:\/\/api.w.org\/{rel}","templated":true}]}}