{"id":292363,"date":"2026-01-15T15:50:46","date_gmt":"2026-01-15T12:50:46","guid":{"rendered":"https:\/\/baldumarket.lt\/product\/lozko-bemma-200x90-sosna-adrk\/"},"modified":"2026-02-11T18:15:53","modified_gmt":"2026-02-11T15:15:53","slug":"lozko-bemma-200x90-sosna-adrk","status":"publish","type":"product","link":"https:\/\/baldumarket.lt\/lt\/product\/lozko-bemma-200x90-sosna-adrk\/","title":{"rendered":"BEMMA lova 200\u00d790 pu\u0161is ADRK"},"content":{"rendered":"<p>Paprastos formos viengul\u0117 lova BEMMA puikiai tiks tiek berniuko, tiek mergait\u0117s kambaryje. Jos ypatyb\u0117s: apsauginis tur\u0117klas saugiam miegui ir erdv\u016bs bei funkcional\u016bs patalyn\u0117s stal\u010diai. Komplekte taip pat yra patvarus r\u0117mas, pagamintas i\u0161 stand\u017ei\u0173 groteli\u0173. \u010ciu\u017einys \u012f komplekt\u0105 ne\u012feina.<\/p>","protected":false},"excerpt":{"rendered":"<p>Plotis (cm): 97<br \/>\n\u016agis (cm): 63<br \/>\nGylis (cm): 205<br \/>\nAsambl\u0117ja<br \/>\nSavaranki\u0161kas surinkimas<br \/>\nProdukto svoris [kg]: 55<br \/>\n\u010ciu\u017einio dydis<br \/>\n90&#215;200<\/p>","protected":false},"featured_media":292364,"comment_status":"open","ping_status":"open","template":"","meta":[],"product_brand":[],"product_cat":[9201,505],"product_tag":[],"class_list":{"0":"post-292363","1":"product","2":"type-product","3":"status-publish","4":"has-post-thumbnail","6":"product_cat-adrk-furniture","7":"product_cat-bedroom-beds","9":"first","10":"instock","11":"purchasable","12":"product-type-simple"},"_links":{"self":[{"href":"https:\/\/baldumarket.lt\/lt\/wp-json\/wp\/v2\/product\/292363","targetHints":{"allow":["GET"]}}],"collection":[{"href":"https:\/\/baldumarket.lt\/lt\/wp-json\/wp\/v2\/product"}],"about":[{"href":"https:\/\/baldumarket.lt\/lt\/wp-json\/wp\/v2\/types\/product"}],"replies":[{"embeddable":true,"href":"https:\/\/baldumarket.lt\/lt\/wp-json\/wp\/v2\/comments?post=292363"}],"wp:featuredmedia":[{"embeddable":true,"href":"https:\/\/baldumarket.lt\/lt\/wp-json\/wp\/v2\/media\/292364"}],"wp:attachment":[{"href":"https:\/\/baldumarket.lt\/lt\/wp-json\/wp\/v2\/media?parent=292363"}],"wp:term":[{"taxonomy":"product_brand","embeddable":true,"href":"https:\/\/baldumarket.lt\/lt\/wp-json\/wp\/v2\/product_brand?post=292363"},{"taxonomy":"product_cat","embeddable":true,"href":"https:\/\/baldumarket.lt\/lt\/wp-json\/wp\/v2\/product_cat?post=292363"},{"taxonomy":"product_tag","embeddable":true,"href":"https:\/\/baldumarket.lt\/lt\/wp-json\/wp\/v2\/product_tag?post=292363"}],"curies":[{"name":"wp","href":"https:\/\/api.w.org\/{rel}","templated":true}]}}