{"id":292348,"date":"2026-01-15T15:50:36","date_gmt":"2026-01-15T12:50:36","guid":{"rendered":"https:\/\/baldumarket.lt\/product\/witryna-livia-02-artisan-adrk\/"},"modified":"2026-02-11T18:15:53","modified_gmt":"2026-02-11T15:15:53","slug":"witryna-livia-02-artisan-adrk","status":"publish","type":"product","link":"https:\/\/baldumarket.lt\/lt\/product\/witryna-livia-02-artisan-adrk\/","title":{"rendered":"LIVIA 02 Artisan ADRK Vitrina"},"content":{"rendered":"<p>\u0160i modernaus stiliaus vitrina i\u0161 LIVIA kolekcijos tikrai pritrauks d\u0117mes\u012f. Nat\u016bralaus med\u017eio efekt\u0105 pary\u0161kina juodos spalvos akcentai ir detal\u0117s. U\u017e stiklini\u0173 dureli\u0173 yra dvi gilios lentynos, puikiai tinkan\u010dios brangiems suvenyrams ar \u0161eimos nuotraukoms eksponuoti, o erdvi spintel\u0117 suteikia papildomos vietos daiktams laikyti. Raginame susipa\u017einti su kita LIVIA kolekcijos dalimi.<\/p>","protected":false},"excerpt":{"rendered":"<p>Plotis (cm): 80<br \/>\n\u016agis (cm): 134,5<br \/>\nGylis (cm): 40<br \/>\nAsambl\u0117ja<br \/>\nSavaranki\u0161kas surinkimas<br \/>\nProdukto svoris [kg]: 43<\/p>","protected":false},"featured_media":292349,"comment_status":"open","ping_status":"open","template":"","meta":[],"product_brand":[],"product_cat":[9201,2006],"product_tag":[],"class_list":{"0":"post-292348","1":"product","2":"type-product","3":"status-publish","4":"has-post-thumbnail","6":"product_cat-adrk-furniture","7":"product_cat-vitrines","9":"first","10":"instock","11":"purchasable","12":"product-type-simple"},"_links":{"self":[{"href":"https:\/\/baldumarket.lt\/lt\/wp-json\/wp\/v2\/product\/292348","targetHints":{"allow":["GET"]}}],"collection":[{"href":"https:\/\/baldumarket.lt\/lt\/wp-json\/wp\/v2\/product"}],"about":[{"href":"https:\/\/baldumarket.lt\/lt\/wp-json\/wp\/v2\/types\/product"}],"replies":[{"embeddable":true,"href":"https:\/\/baldumarket.lt\/lt\/wp-json\/wp\/v2\/comments?post=292348"}],"wp:featuredmedia":[{"embeddable":true,"href":"https:\/\/baldumarket.lt\/lt\/wp-json\/wp\/v2\/media\/292349"}],"wp:attachment":[{"href":"https:\/\/baldumarket.lt\/lt\/wp-json\/wp\/v2\/media?parent=292348"}],"wp:term":[{"taxonomy":"product_brand","embeddable":true,"href":"https:\/\/baldumarket.lt\/lt\/wp-json\/wp\/v2\/product_brand?post=292348"},{"taxonomy":"product_cat","embeddable":true,"href":"https:\/\/baldumarket.lt\/lt\/wp-json\/wp\/v2\/product_cat?post=292348"},{"taxonomy":"product_tag","embeddable":true,"href":"https:\/\/baldumarket.lt\/lt\/wp-json\/wp\/v2\/product_tag?post=292348"}],"curies":[{"name":"wp","href":"https:\/\/api.w.org\/{rel}","templated":true}]}}