{"id":292343,"date":"2026-01-15T15:50:33","date_gmt":"2026-01-15T12:50:33","guid":{"rendered":"https:\/\/baldumarket.lt\/product\/witryna-livia-05-artisan-adrk\/"},"modified":"2026-02-11T18:15:53","modified_gmt":"2026-02-11T15:15:53","slug":"witryna-livia-05-artisan-adrk","status":"publish","type":"product","link":"https:\/\/baldumarket.lt\/lt\/product\/witryna-livia-05-artisan-adrk\/","title":{"rendered":"LIVIA 05 Artisan ADRK Vitrina"},"content":{"rendered":"<p>Auk\u0161ta LIVIA kolekcijos vitrina, sukurta moderniu stiliumi, tikrai pritrauks d\u0117mes\u012f. Nat\u016bralaus med\u017eio efekt\u0105 pary\u0161kina juodos spalvos akcentai ir \u012fd\u0117klai. U\u017e stiklini\u0173 dureli\u0173 slypi gili lentyna, puikiai tinkanti vertingiems suvenyrams ar \u0161eimos nuotraukoms eksponuoti, o stal\u010diai ir spintel\u0117s suteikia papildomos vietos daiktams susid\u0117ti. Raginame susipa\u017einti su kita LIVIA kolekcijos dalimi.<\/p>","protected":false},"excerpt":{"rendered":"<p>Plotis (cm): 50<br \/>\n\u016agis (cm): 196<br \/>\nGylis (cm): 40<br \/>\nAsambl\u0117ja<br \/>\nSavaranki\u0161kas surinkimas<br \/>\nProdukto svoris [kg]: 40<\/p>","protected":false},"featured_media":292344,"comment_status":"open","ping_status":"open","template":"","meta":[],"product_brand":[],"product_cat":[9201,2006],"product_tag":[],"class_list":{"0":"post-292343","1":"product","2":"type-product","3":"status-publish","4":"has-post-thumbnail","6":"product_cat-adrk-furniture","7":"product_cat-vitrines","9":"first","10":"instock","11":"purchasable","12":"product-type-simple"},"_links":{"self":[{"href":"https:\/\/baldumarket.lt\/lt\/wp-json\/wp\/v2\/product\/292343","targetHints":{"allow":["GET"]}}],"collection":[{"href":"https:\/\/baldumarket.lt\/lt\/wp-json\/wp\/v2\/product"}],"about":[{"href":"https:\/\/baldumarket.lt\/lt\/wp-json\/wp\/v2\/types\/product"}],"replies":[{"embeddable":true,"href":"https:\/\/baldumarket.lt\/lt\/wp-json\/wp\/v2\/comments?post=292343"}],"wp:featuredmedia":[{"embeddable":true,"href":"https:\/\/baldumarket.lt\/lt\/wp-json\/wp\/v2\/media\/292344"}],"wp:attachment":[{"href":"https:\/\/baldumarket.lt\/lt\/wp-json\/wp\/v2\/media?parent=292343"}],"wp:term":[{"taxonomy":"product_brand","embeddable":true,"href":"https:\/\/baldumarket.lt\/lt\/wp-json\/wp\/v2\/product_brand?post=292343"},{"taxonomy":"product_cat","embeddable":true,"href":"https:\/\/baldumarket.lt\/lt\/wp-json\/wp\/v2\/product_cat?post=292343"},{"taxonomy":"product_tag","embeddable":true,"href":"https:\/\/baldumarket.lt\/lt\/wp-json\/wp\/v2\/product_tag?post=292343"}],"curies":[{"name":"wp","href":"https:\/\/api.w.org\/{rel}","templated":true}]}}