{"id":292333,"date":"2026-01-15T15:50:26","date_gmt":"2026-01-15T12:50:26","guid":{"rendered":"https:\/\/baldumarket.lt\/product\/biurko-livia-07-artisan-adrk\/"},"modified":"2026-02-11T18:15:54","modified_gmt":"2026-02-11T15:15:54","slug":"biurko-livia-07-artisan-adrk","status":"publish","type":"product","link":"https:\/\/baldumarket.lt\/lt\/product\/biurko-livia-07-artisan-adrk\/","title":{"rendered":"LIVIA 07 Amatininkas ADRK ra\u0161omasis stalas"},"content":{"rendered":"<p>LIVIA ra\u0161omasis stalas puikiai tinka jaunimo kambariui, biurui ar studijai. Jame yra \u012fmontuota spintel\u0117, kurioje yra daug vietos biuro reikmenims laikyti. Platus, sta\u010diakampis stalvir\u0161is suteikia patogi\u0105 darbo ar mokymosi zon\u0105. Stilingas LIVIA ra\u0161omasis stalas tikrai papildys daugum\u0105 interjer\u0173. Raginame susipa\u017einti su kitais LIVIA kolekcijos gaminiais, kurie pad\u0117s skoningai \u012frengti namus.<\/p>","protected":false},"excerpt":{"rendered":"<p>Plotis (cm): 100<br \/>\n\u016agis (cm): 74,5<br \/>\nGylis (cm): 50<br \/>\nAsambl\u0117ja<br \/>\nSavaranki\u0161kas surinkimas<br \/>\nProdukto svoris [kg]: 25<\/p>","protected":false},"featured_media":292334,"comment_status":"open","ping_status":"open","template":"","meta":[],"product_brand":[],"product_cat":[9201,1312],"product_tag":[],"class_list":{"0":"post-292333","1":"product","2":"type-product","3":"status-publish","4":"has-post-thumbnail","6":"product_cat-adrk-furniture","7":"product_cat-desks","9":"first","10":"instock","11":"purchasable","12":"product-type-simple"},"_links":{"self":[{"href":"https:\/\/baldumarket.lt\/lt\/wp-json\/wp\/v2\/product\/292333","targetHints":{"allow":["GET"]}}],"collection":[{"href":"https:\/\/baldumarket.lt\/lt\/wp-json\/wp\/v2\/product"}],"about":[{"href":"https:\/\/baldumarket.lt\/lt\/wp-json\/wp\/v2\/types\/product"}],"replies":[{"embeddable":true,"href":"https:\/\/baldumarket.lt\/lt\/wp-json\/wp\/v2\/comments?post=292333"}],"wp:featuredmedia":[{"embeddable":true,"href":"https:\/\/baldumarket.lt\/lt\/wp-json\/wp\/v2\/media\/292334"}],"wp:attachment":[{"href":"https:\/\/baldumarket.lt\/lt\/wp-json\/wp\/v2\/media?parent=292333"}],"wp:term":[{"taxonomy":"product_brand","embeddable":true,"href":"https:\/\/baldumarket.lt\/lt\/wp-json\/wp\/v2\/product_brand?post=292333"},{"taxonomy":"product_cat","embeddable":true,"href":"https:\/\/baldumarket.lt\/lt\/wp-json\/wp\/v2\/product_cat?post=292333"},{"taxonomy":"product_tag","embeddable":true,"href":"https:\/\/baldumarket.lt\/lt\/wp-json\/wp\/v2\/product_tag?post=292333"}],"curies":[{"name":"wp","href":"https:\/\/api.w.org\/{rel}","templated":true}]}}